{"id":235,"date":"2025-12-16T07:42:07","date_gmt":"2025-12-16T07:42:07","guid":{"rendered":"https:\/\/sergogrup.com\/?page_id=235"},"modified":"2025-12-29T12:35:36","modified_gmt":"2025-12-29T12:35:36","slug":"edificacion-y-obra-civil","status":"publish","type":"page","link":"https:\/\/sergogrup.com\/ca\/edificacion-y-obra-civil\/","title":{"rendered":"Projectes D&#039;Enginyeria"},"content":{"rendered":"<div data-elementor-type=\"wp-page\" data-elementor-id=\"235\" class=\"elementor elementor-235\" data-elementor-post-type=\"page\">\n\t\t\t\t<div class=\"elementor-element elementor-element-53a391b7 e-flex e-con-boxed e-con e-parent\" data-id=\"53a391b7\" data-element_type=\"container\" data-e-type=\"container\" data-settings=\"{&quot;background_background&quot;:&quot;classic&quot;}\">\n\t\t\t\t\t<div class=\"e-con-inner\">\n\t\t<div class=\"elementor-element elementor-element-4913b8eb e-flex e-con-boxed e-con e-child\" data-id=\"4913b8eb\" data-element_type=\"container\" data-e-type=\"container\">\n\t\t\t\t\t<div class=\"e-con-inner\">\n\t\t\t\t<div class=\"elementor-element elementor-element-373b3746 elementor-widget elementor-widget-heading\" data-id=\"373b3746\" data-element_type=\"widget\" data-e-type=\"widget\" data-widget_type=\"heading.default\">\n\t\t\t\t\t<h1 class=\"elementor-heading-title elementor-size-default\">Projectes denginyeria<\/h1>\t\t\t\t<\/div>\n\t\t\t\t<div class=\"elementor-element elementor-element-99138a2 elementor-align-center elementor-widget elementor-widget-breadcrumbs\" data-id=\"99138a2\" data-element_type=\"widget\" data-e-type=\"widget\" data-widget_type=\"breadcrumbs.default\">\n\t\t\t\t<div class=\"elementor-widget-container\">\n\t\t\t\t\t<nav aria-label=\"breadcrumbs\" class=\"rank-math-breadcrumb\"><p><span class=\"last\">Inici<\/span><\/p><\/nav>\t\t\t\t<\/div>\n\t\t\t\t<\/div>\n\t\t\t\t\t<\/div>\n\t\t\t\t<\/div>\n\t\t\t\t\t<\/div>\n\t\t\t\t<\/div>\n\t\t<div class=\"elementor-element elementor-element-9cf76c4 e-flex e-con-boxed e-con e-parent\" data-id=\"9cf76c4\" data-element_type=\"container\" data-e-type=\"container\">\n\t\t\t\t\t<div class=\"e-con-inner\">\n\t\t<div class=\"elementor-element elementor-element-3566a387 e-con-full e-flex e-con e-child\" data-id=\"3566a387\" data-element_type=\"container\" data-e-type=\"container\">\n\t\t<div class=\"elementor-element elementor-element-c8cf0a8 e-con-full e-flex e-con e-child\" data-id=\"c8cf0a8\" data-element_type=\"container\" data-e-type=\"container\" data-settings=\"{&quot;background_background&quot;:&quot;classic&quot;,&quot;sticky&quot;:&quot;top&quot;,&quot;sticky_parent&quot;:&quot;yes&quot;,&quot;sticky_on&quot;:[&quot;desktop&quot;,&quot;tablet&quot;,&quot;mobile&quot;],&quot;sticky_offset&quot;:0,&quot;sticky_effects_offset&quot;:0,&quot;sticky_anchor_link_offset&quot;:0}\">\n\t\t\t\t<div class=\"elementor-element elementor-element-6cf292d8 elementor-widget elementor-widget-heading\" data-id=\"6cf292d8\" data-element_type=\"widget\" data-e-type=\"widget\" data-widget_type=\"heading.default\">\n\t\t\t\t\t<h5 class=\"elementor-heading-title elementor-size-default\">La nostra llista de serveis<\/h5>\t\t\t\t<\/div>\n\t\t\t\t<div class=\"elementor-element elementor-element-5aaa1475 elementor-widget elementor-widget-heading\" data-id=\"5aaa1475\" data-element_type=\"widget\" data-e-type=\"widget\" data-widget_type=\"heading.default\">\n\t\t\t\t\t<p class=\"elementor-heading-title elementor-size-default\"><a href=\"https:\/\/sergogrup.com\/ca\/edificacion-y-obra-civil\/\">Projectes d&#039;enginyeria<\/a><\/p>\t\t\t\t<\/div>\n\t\t\t\t<div class=\"elementor-element elementor-element-43a10b0d elementor-widget elementor-widget-heading\" data-id=\"43a10b0d\" data-element_type=\"widget\" data-e-type=\"widget\" data-widget_type=\"heading.default\">\n\t\t\t\t\t<p class=\"elementor-heading-title elementor-size-default\"><a href=\"https:\/\/sergogrup.com\/ca\/mantenimiento-industrial\/\">Manteniment indusrial<\/a><\/p>\t\t\t\t<\/div>\n\t\t\t\t<div class=\"elementor-element elementor-element-be61b61 elementor-widget elementor-widget-heading\" data-id=\"be61b61\" data-element_type=\"widget\" data-e-type=\"widget\" data-widget_type=\"heading.default\">\n\t\t\t\t\t<p class=\"elementor-heading-title elementor-size-default\"><a href=\"https:\/\/sergogrup.com\/ca\/edificacion-y-obra-civil-2\/\">Edificaci\u00f3 I Obra Civil<\/a><\/p>\t\t\t\t<\/div>\n\t\t\t\t<div class=\"elementor-element elementor-element-08685b7 elementor-widget elementor-widget-heading\" data-id=\"08685b7\" data-element_type=\"widget\" data-e-type=\"widget\" data-widget_type=\"heading.default\">\n\t\t\t\t\t<p class=\"elementor-heading-title elementor-size-default\"><a href=\"https:\/\/sergogrup.com\/ca\/sistemas-de-encofrado\/\">Sistemes d&#039;Encofrat\n<\/a><\/p>\t\t\t\t<\/div>\n\t\t\t\t<\/div>\n\t\t<div class=\"elementor-element elementor-element-43185679 e-con-full e-flex e-con e-child\" data-id=\"43185679\" data-element_type=\"container\" data-e-type=\"container\" data-settings=\"{&quot;background_background&quot;:&quot;classic&quot;,&quot;sticky&quot;:&quot;top&quot;,&quot;sticky_offset&quot;:355,&quot;sticky_parent&quot;:&quot;yes&quot;,&quot;sticky_on&quot;:[&quot;desktop&quot;,&quot;tablet&quot;,&quot;mobile&quot;],&quot;sticky_effects_offset&quot;:0,&quot;sticky_anchor_link_offset&quot;:0}\">\n\t\t\t\t<div class=\"elementor-element elementor-element-1551cd5 e-transform elementor-view-default elementor-position-block-start elementor-mobile-position-block-start elementor-widget elementor-widget-icon-box\" data-id=\"1551cd5\" data-element_type=\"widget\" data-e-type=\"widget\" data-settings=\"{&quot;_transform_scale_effect_hover&quot;:{&quot;unit&quot;:&quot;px&quot;,&quot;size&quot;:1.3,&quot;sizes&quot;:[]},&quot;_transform_scale_effect_hover_tablet&quot;:{&quot;unit&quot;:&quot;px&quot;,&quot;size&quot;:&quot;&quot;,&quot;sizes&quot;:[]},&quot;_transform_scale_effect_hover_mobile&quot;:{&quot;unit&quot;:&quot;px&quot;,&quot;size&quot;:&quot;&quot;,&quot;sizes&quot;:[]}}\" data-widget_type=\"icon-box.default\">\n\t\t\t\t\t\t\t<div class=\"elementor-icon-box-wrapper\">\n\n\t\t\t\t\t\t<div class=\"elementor-icon-box-icon\">\n\t\t\t\t<span  class=\"elementor-icon\">\n\t\t\t\t<svg aria-hidden=\"true\" class=\"e-font-icon-svg e-fas-phone-alt\" viewbox=\"0 0 512 512\" xmlns=\"http:\/\/www.w3.org\/2000\/svg\"><path d=\"M497.39 361.8l-112-48a24 24 0 0 0-28 6.9l-49.6 60.6A370.66 370.66 0 0 1 130.6 204.11l60.6-49.6a23.94 23.94 0 0 0 6.9-28l-48-112A24.16 24.16 0 0 0 122.6.61l-104 24A24 24 0 0 0 0 48c0 256.5 207.9 464 464 464a24 24 0 0 0 23.4-18.6l24-104a24.29 24.29 0 0 0-14.01-27.6z\"><\/path><\/svg>\t\t\t\t<\/span>\n\t\t\t<\/div>\n\t\t\t\n\t\t\t\t\t\t<div class=\"elementor-icon-box-content\">\n\n\t\t\t\t\t\t\t\t\t<h4 class=\"elementor-icon-box-title\">\n\t\t\t\t\t\t<span  >\n\t\t\t\t\t\t\tAlgun dubte? consulta&#039;ns\t\t\t\t\t\t<\/span>\n\t\t\t\t\t<\/h4>\n\t\t\t\t\n\t\t\t\t\n\t\t\t<\/div>\n\t\t\t\n\t\t<\/div>\n\t\t\t\t\t\t<\/div>\n\t\t\t\t<div class=\"elementor-element elementor-element-62f7a0a7 elementor-widget elementor-widget-heading\" data-id=\"62f7a0a7\" data-element_type=\"widget\" data-e-type=\"widget\" data-widget_type=\"heading.default\">\n\t\t\t\t\t<h5 class=\"elementor-heading-title elementor-size-default\">615036917 sergogrup@gmail.com<\/h5>\t\t\t\t<\/div>\n\t\t\t\t<\/div>\n\t\t\t\t<\/div>\n\t\t<div class=\"elementor-element elementor-element-7525858f e-con-full e-flex e-con e-child\" data-id=\"7525858f\" data-element_type=\"container\" data-e-type=\"container\">\n\t\t\t\t<div class=\"elementor-element elementor-element-6b9bb24e elementor-widget elementor-widget-image\" data-id=\"6b9bb24e\" data-element_type=\"widget\" data-e-type=\"widget\" data-widget_type=\"image.default\">\n\t\t\t\t\t\t\t\t\t\t\t\t\t\t\t<img fetchpriority=\"high\" decoding=\"async\" width=\"1024\" height=\"768\" src=\"https:\/\/sergogrup.com\/wp-content\/uploads\/2025\/11\/imagen-1.jpg\" class=\"attachment-full size-full wp-image-135\" alt=\"Sistemas de encofrado en Barcelona - Sergogrup\" srcset=\"https:\/\/sergogrup.com\/wp-content\/uploads\/2025\/11\/imagen-1.jpg 1024w, https:\/\/sergogrup.com\/wp-content\/uploads\/2025\/11\/imagen-1-300x225.jpg 300w, https:\/\/sergogrup.com\/wp-content\/uploads\/2025\/11\/imagen-1-768x576.jpg 768w\" sizes=\"(max-width: 1024px) 100vw, 1024px\" \/>\t\t\t\t\t\t\t\t\t\t\t\t\t\t\t<\/div>\n\t\t\t\t<div class=\"elementor-element elementor-element-12d56da2 elementor-widget elementor-widget-heading\" data-id=\"12d56da2\" data-element_type=\"widget\" data-e-type=\"widget\" data-widget_type=\"heading.default\">\n\t\t\t\t\t<h2 class=\"elementor-heading-title elementor-size-default\">Constru\u00efm Amb Qualitat, Seguretat i Comprom\u00eds<\/h2>\t\t\t\t<\/div>\n\t\t\t\t<div class=\"elementor-element elementor-element-2e3178b5 elementor-widget elementor-widget-text-editor\" data-id=\"2e3178b5\" data-element_type=\"widget\" data-e-type=\"widget\" data-widget_type=\"text-editor.default\">\n\t\t\t\t\t\t\t\t\t<h3 class=\"text-text-100 mt-2 -mb-1 text-base font-bold\">Solucions T\u00e8cniques Integrals Per al teu Projecte Constructiu<\/h3><p class=\"font-claude-response-body break-words whitespace-normal leading-[1.7]\">A Sergogrup desenvolupem <strong>projectes d&#039;enginyeria complets<\/strong>, des de l&#039;estudi previ fins a la direcci\u00f3 d&#039;obra. El nostre equip de <strong>enginyers civils, industrials i arquitectes t\u00e8cnics<\/strong> ofereix solucions t\u00e8cniques innovadores per a edificaci\u00f3, infraestructures i instal\u00b7lacions. Garantim projectes viables, segurs i optimitzats que compleixen tota la normativa vigent.<\/p>\t\t\t\t\t\t\t\t<\/div>\n\t\t<div class=\"elementor-element elementor-element-7b24c4e2 e-con-full e-flex e-con e-child\" data-id=\"7b24c4e2\" data-element_type=\"container\" data-e-type=\"container\">\n\t\t\t\t<div class=\"elementor-element elementor-element-5229e3de elementor-widget__width-initial elementor-widget elementor-widget-image\" data-id=\"5229e3de\" data-element_type=\"widget\" data-e-type=\"widget\" data-widget_type=\"image.default\">\n\t\t\t\t\t\t\t\t\t\t\t\t\t\t\t<img decoding=\"async\" width=\"768\" height=\"1024\" src=\"https:\/\/sergogrup.com\/wp-content\/uploads\/2025\/11\/imagen-22.jpg\" class=\"attachment-full size-full wp-image-126\" alt=\"Sistemas de encofrado en Igualada - Sergogrup\" srcset=\"https:\/\/sergogrup.com\/wp-content\/uploads\/2025\/11\/imagen-22.jpg 768w, https:\/\/sergogrup.com\/wp-content\/uploads\/2025\/11\/imagen-22-225x300.jpg 225w\" sizes=\"(max-width: 768px) 100vw, 768px\" \/>\t\t\t\t\t\t\t\t\t\t\t\t\t\t\t<\/div>\n\t\t\t\t<div class=\"elementor-element elementor-element-60394c84 elementor-widget__width-initial elementor-widget elementor-widget-text-editor\" data-id=\"60394c84\" data-element_type=\"widget\" data-e-type=\"widget\" data-widget_type=\"text-editor.default\">\n\t\t\t\t\t\t\t\t\t<p data-start=\"802\" data-end=\"1092\">\u00a0Cada projecte es desenvolupa amb rigor t\u00e8cnic, atenci\u00f3 personalitzada i enfocament a la sostenibilitat. Des del disseny conceptual fins al lliurament de documentaci\u00f3 completa, acompanyem el client en totes les fases, assegurant la viabilitat t\u00e8cnica i econ\u00f2mica de cada proposta constructiva.<\/p>\t\t\t\t\t\t\t\t<\/div>\n\t\t\t\t<\/div>\n\t\t\t\t<div class=\"elementor-element elementor-element-736a2d45 elementor-widget elementor-widget-heading\" data-id=\"736a2d45\" data-element_type=\"widget\" data-e-type=\"widget\" data-widget_type=\"heading.default\">\n\t\t\t\t\t<h4 class=\"elementor-heading-title elementor-size-default\">SUPORT DE PROJECTES D&#039;ENGINYERIA<\/h4>\t\t\t\t<\/div>\n\t\t\t\t<div class=\"elementor-element elementor-element-b3942ec elementor-widget elementor-widget-text-editor\" data-id=\"b3942ec\" data-element_type=\"widget\" data-e-type=\"widget\" data-widget_type=\"text-editor.default\">\n\t\t\t\t\t\t\t\t\t<p>Oferim solucions t\u00e8cniques especialitzades per a projectes residencials, industrials i d&#039;infraestructures, combinant experi\u00e8ncia professional, tecnologia avan\u00e7ada i comprom\u00eds amb la innovaci\u00f3.<\/p><h3 class=\"text-text-100 mt-2 -mb-1 text-base font-bold\">\u00a0<\/h3>\t\t\t\t\t\t\t\t<\/div>\n\t\t<div class=\"elementor-element elementor-element-5dc3f698 e-con-full e-flex e-con e-child\" data-id=\"5dc3f698\" data-element_type=\"container\" data-e-type=\"container\">\n\t\t\t\t<div class=\"elementor-element elementor-element-76d51e0f elementor-widget__width-initial elementor-widget elementor-widget-icon-box\" data-id=\"76d51e0f\" data-element_type=\"widget\" data-e-type=\"widget\" data-widget_type=\"icon-box.default\">\n\t\t\t\t\t\t\t<div class=\"elementor-icon-box-wrapper\">\n\n\t\t\t\n\t\t\t\t\t\t<div class=\"elementor-icon-box-content\">\n\n\t\t\t\t\t\t\t\t\t<h5 class=\"elementor-icon-box-title\">\n\t\t\t\t\t\t<span  >\n\t\t\t\t\t\t\tGesti\u00f3 de Llic\u00e8ncies i Permisos\t\t\t\t\t\t<\/span>\n\t\t\t\t\t<\/h5>\n\t\t\t\t\n\t\t\t\t\t\t\t\t\t<p class=\"elementor-icon-box-description\">\n\t\t\t\t\t\tTramitem llic\u00e8ncies d&#039;obra, activitat i obertura davant d&#039;ajuntaments i organismes competents. Preparem tota la documentaci\u00f3 t\u00e8cnica requerida, fem seguiment d&#039;expedients i gestionem esmenes. Facilitem el proc\u00e9s administratiu perqu\u00e8 el teu projecte avanci sense contratemps burocr\u00e0tics.\n\t\t\t\t\t<\/p>\n\t\t\t\t\n\t\t\t<\/div>\n\t\t\t\n\t\t<\/div>\n\t\t\t\t\t\t<\/div>\n\t\t\t\t<div class=\"elementor-element elementor-element-5d1f88a7 elementor-widget__width-initial elementor-widget elementor-widget-icon-box\" data-id=\"5d1f88a7\" data-element_type=\"widget\" data-e-type=\"widget\" data-widget_type=\"icon-box.default\">\n\t\t\t\t\t\t\t<div class=\"elementor-icon-box-wrapper\">\n\n\t\t\t\n\t\t\t\t\t\t<div class=\"elementor-icon-box-content\">\n\n\t\t\t\t\t\t\t\t\t<h5 class=\"elementor-icon-box-title\">\n\t\t\t\t\t\t<span  >\n\t\t\t\t\t\t\tPeritatges I Informes T\u00e8cnics\t\t\t\t\t\t<\/span>\n\t\t\t\t\t<\/h5>\n\t\t\t\t\n\t\t\t\t\t\t\t\t\t<p class=\"elementor-icon-box-description\">\n\t\t\t\t\t\tElaborem informes pericials per a la valoraci\u00f3 de danys, patologies constructives i reclamacions. Realitzem inspeccions t\u00e8cniques detallades i documentem troballes amb rigor professional. Aportem dict\u00e0mens objectius i fonamentats v\u00e0lids per a procediments judicials o extrajudicials.\n\t\t\t\t\t<\/p>\n\t\t\t\t\n\t\t\t<\/div>\n\t\t\t\n\t\t<\/div>\n\t\t\t\t\t\t<\/div>\n\t\t\t\t<div class=\"elementor-element elementor-element-2c391cb8 elementor-widget__width-initial elementor-widget elementor-widget-icon-box\" data-id=\"2c391cb8\" data-element_type=\"widget\" data-e-type=\"widget\" data-widget_type=\"icon-box.default\">\n\t\t\t\t\t\t\t<div class=\"elementor-icon-box-wrapper\">\n\n\t\t\t\n\t\t\t\t\t\t<div class=\"elementor-icon-box-content\">\n\n\t\t\t\t\t\t\t\t\t<h5 class=\"elementor-icon-box-title\">\n\t\t\t\t\t\t<span  >\n\t\t\t\t\t\t\tRehabilitaci\u00f3 I Refor\u00e7 Estructural\t\t\t\t\t\t<\/span>\n\t\t\t\t\t<\/h5>\n\t\t\t\t\n\t\t\t\t\t\t\t\t\t<p class=\"elementor-icon-box-description\">\n\t\t\t\t\t\tAvaluem l\u201festat d\u201festructures existents i dissenyem solucions de refor\u00e7 i rehabilitaci\u00f3. Intervenim a edificis amb patologies, danys o necessitats d&#039;ampliaci\u00f3. Apliquem t\u00e8cniques especialitzades per prolongar la vida \u00fatil de les construccions garantint-ne la seguretat estructural.\n\t\t\t\t\t<\/p>\n\t\t\t\t\n\t\t\t<\/div>\n\t\t\t\n\t\t<\/div>\n\t\t\t\t\t\t<\/div>\n\t\t\t\t<div class=\"elementor-element elementor-element-5a219682 elementor-widget__width-initial elementor-widget elementor-widget-icon-box\" data-id=\"5a219682\" data-element_type=\"widget\" data-e-type=\"widget\" data-widget_type=\"icon-box.default\">\n\t\t\t\t\t\t\t<div class=\"elementor-icon-box-wrapper\">\n\n\t\t\t\n\t\t\t\t\t\t<div class=\"elementor-icon-box-content\">\n\n\t\t\t\t\t\t\t\t\t<h5 class=\"elementor-icon-box-title\">\n\t\t\t\t\t\t<span  >\n\t\t\t\t\t\t\tEstudis de Viabilitat T\u00e8cnica\t\t\t\t\t\t<\/span>\n\t\t\t\t\t<\/h5>\n\t\t\t\t\n\t\t\t\t\t\t\t\t\t<p class=\"elementor-icon-box-description\">\n\t\t\t\t\t\tAnalitzem la viabilitat t\u00e8cnica i la normativa de projectes abans del seu desenvolupament. Avaluem condicionants urban\u00edstics, estructurals i d&#039;instal\u00b7lacions. Identifiquem riscos i oportunitats perqu\u00e8 prengueu decisions informades abans d&#039;invertir en el vostre projecte.\n\t\t\t\t\t<\/p>\n\t\t\t\t\n\t\t\t<\/div>\n\t\t\t\n\t\t<\/div>\n\t\t\t\t\t\t<\/div>\n\t\t\t\t<div class=\"elementor-element elementor-element-3e503ea2 elementor-widget__width-initial elementor-widget elementor-widget-icon-box\" data-id=\"3e503ea2\" data-element_type=\"widget\" data-e-type=\"widget\" data-widget_type=\"icon-box.default\">\n\t\t\t\t\t\t\t<div class=\"elementor-icon-box-wrapper\">\n\n\t\t\t\n\t\t\t\t\t\t<div class=\"elementor-icon-box-content\">\n\n\t\t\t\t\t\t\t\t\t<h5 class=\"elementor-icon-box-title\">\n\t\t\t\t\t\t<span  >\n\t\t\t\t\t\t\tConsultoria I Assessorament T\u00e8cnic\t\t\t\t\t\t<\/span>\n\t\t\t\t\t<\/h5>\n\t\t\t\t\n\t\t\t\t\t\t\t\t\t<p class=\"elementor-icon-box-description\">\n\t\t\t\t\t\tBrindem assessorament especialitzat en totes les fases del projecte constructiu. Resolem dubtes t\u00e8cnics, revisem documentaci\u00f3 de tercers i acompanyem la presa de decisions. Posem la nostra experi\u00e8ncia a la teva disposici\u00f3 per optimitzar resultats i evitar errors costosos.\n\t\t\t\t\t<\/p>\n\t\t\t\t\n\t\t\t<\/div>\n\t\t\t\n\t\t<\/div>\n\t\t\t\t\t\t<\/div>\n\t\t\t\t<div class=\"elementor-element elementor-element-339c8c08 elementor-widget__width-initial elementor-widget elementor-widget-icon-box\" data-id=\"339c8c08\" data-element_type=\"widget\" data-e-type=\"widget\" data-widget_type=\"icon-box.default\">\n\t\t\t\t\t\t\t<div class=\"elementor-icon-box-wrapper\">\n\n\t\t\t\n\t\t\t\t\t\t<div class=\"elementor-icon-box-content\">\n\n\t\t\t\t\t\t\t\t\t<h5 class=\"elementor-icon-box-title\">\n\t\t\t\t\t\t<span  >\n\t\t\t\t\t\t\tDirecci\u00f3 T\u00e8cnica I Coordinaci\u00f3\t\t\t\t\t\t<\/span>\n\t\t\t\t\t<\/h5>\n\t\t\t\t\n\t\t\t\t\t\t\t\t\t<p class=\"elementor-icon-box-description\">\n\t\t\t\t\t\tOferim serveis de direcci\u00f3 dexecuci\u00f3 dobra, coordinaci\u00f3 de seguretat i salut, control de qualitat i seguiment de projectes. Supervisem el compliment del projecte, resolem incid\u00e8ncies t\u00e8cniques i gestionem modificats. Assegurem que l&#039;obra s&#039;executi d&#039;acord amb el disseny i la normativa.\n\t\t\t\t\t<\/p>\n\t\t\t\t\n\t\t\t<\/div>\n\t\t\t\n\t\t<\/div>\n\t\t\t\t\t\t<\/div>\n\t\t\t\t<\/div>\n\t\t\t\t<div class=\"elementor-element elementor-element-356015b3 elementor-widget elementor-widget-heading\" data-id=\"356015b3\" data-element_type=\"widget\" data-e-type=\"widget\" data-widget_type=\"heading.default\">\n\t\t\t\t\t<h4 class=\"elementor-heading-title elementor-size-default\">RESOLVEM ELS TEUS DUBTES M\u00c9S COMUNS\n<\/h4>\t\t\t\t<\/div>\n\t\t\t\t<div class=\"elementor-element elementor-element-7e95e92a elementor-widget elementor-widget-n-accordion\" data-id=\"7e95e92a\" data-element_type=\"widget\" data-e-type=\"widget\" data-settings=\"{&quot;default_state&quot;:&quot;expanded&quot;,&quot;max_items_expended&quot;:&quot;one&quot;,&quot;n_accordion_animation_duration&quot;:{&quot;unit&quot;:&quot;ms&quot;,&quot;size&quot;:400,&quot;sizes&quot;:[]}}\" data-widget_type=\"nested-accordion.default\">\n\t\t\t\t\t\t\t<div class=\"e-n-accordion\" aria-label=\"Accordion. Open links with Enter or Space, close with Escape, and navigate with Arrow Keys\">\n\t\t\t\t\t\t<details id=\"e-n-accordion-item-2120\" class=\"e-n-accordion-item\" open>\n\t\t\t\t<summary class=\"e-n-accordion-item-title\" data-accordion-index=\"1\" tabindex=\"0\" aria-expanded=\"true\" aria-controls=\"e-n-accordion-item-2120\" >\n\t\t\t\t\t<span class='e-n-accordion-item-title-header'><div class=\"e-n-accordion-item-title-text\"> Com puc sol\u00b7licitar un pressupost pel meu projecte? <\/div><\/span>\n\t\t\t\t\t\t\t<span class='e-n-accordion-item-title-icon'>\n\t\t\t<span class='e-opened' ><svg aria-hidden=\"true\" class=\"e-font-icon-svg e-fas-minus\" viewbox=\"0 0 448 512\" xmlns=\"http:\/\/www.w3.org\/2000\/svg\"><path d=\"M416 208H32c-17.67 0-32 14.33-32 32v32c0 17.67 14.33 32 32 32h384c17.67 0 32-14.33 32-32v-32c0-17.67-14.33-32-32-32z\"><\/path><\/svg><\/span>\n\t\t\t<span class='e-closed'><svg aria-hidden=\"true\" class=\"e-font-icon-svg e-fas-plus\" viewbox=\"0 0 448 512\" xmlns=\"http:\/\/www.w3.org\/2000\/svg\"><path d=\"M416 208H272V64c0-17.67-14.33-32-32-32h-32c-17.67 0-32 14.33-32 32v144H32c-17.67 0-32 14.33-32 32v32c0 17.67 14.33 32 32 32h144v144c0 17.67 14.33 32 32 32h32c17.67 0 32-14.33 32-32V304h144c17.67 0 32-14.33 32-32v-32c0-17.67-14.33-32-32-32z\"><\/path><\/svg><\/span>\n\t\t<\/span>\n\n\t\t\t\t\t\t<\/summary>\n\t\t\t\t<div role=\"region\" aria-labelledby=\"e-n-accordion-item-2120\" class=\"elementor-element elementor-element-2ff7010e e-con-full e-flex e-con e-child\" data-id=\"2ff7010e\" data-element_type=\"container\" data-e-type=\"container\">\n\t\t\t\t<div class=\"elementor-element elementor-element-4eaf011 elementor-widget elementor-widget-text-editor\" data-id=\"4eaf011\" data-element_type=\"widget\" data-e-type=\"widget\" data-widget_type=\"text-editor.default\">\n\t\t\t\t\t\t\t\t\t<p>Pots contactar-nos a trav\u00e9s del formulari web, trucant al\u00a0<strong>615036917<\/strong>\u00a0o enviant un email a\u00a0<a href=\"mailto:Info@Sergogrup.Com\"><strong>Info@Sergogrup.Com<\/strong><\/a>. Necessitarem informaci\u00f3 sobre el tipus de projecte, ubicaci\u00f3, dimensions aproximades i requeriments espec\u00edfics. Despr\u00e9s d&#039;una reuni\u00f3 inicial per definir abast i necessitats, t&#039;entregarem una proposta tecnicoecon\u00f2mica detallada.<\/p>\t\t\t\t\t\t\t\t<\/div>\n\t\t\t\t<\/div>\n\t\t\t\t\t<\/details>\n\t\t\t\t\t\t<details id=\"e-n-accordion-item-2121\" class=\"e-n-accordion-item\" >\n\t\t\t\t<summary class=\"e-n-accordion-item-title\" data-accordion-index=\"2\" tabindex=\"-1\" aria-expanded=\"false\" aria-controls=\"e-n-accordion-item-2121\" >\n\t\t\t\t\t<span class='e-n-accordion-item-title-header'><div class=\"e-n-accordion-item-title-text\"> Quant de temps es triga a desenvolupar un projecte d&#039;enginyeria? <\/div><\/span>\n\t\t\t\t\t\t\t<span class='e-n-accordion-item-title-icon'>\n\t\t\t<span class='e-opened' ><svg aria-hidden=\"true\" class=\"e-font-icon-svg e-fas-minus\" viewbox=\"0 0 448 512\" xmlns=\"http:\/\/www.w3.org\/2000\/svg\"><path d=\"M416 208H32c-17.67 0-32 14.33-32 32v32c0 17.67 14.33 32 32 32h384c17.67 0 32-14.33 32-32v-32c0-17.67-14.33-32-32-32z\"><\/path><\/svg><\/span>\n\t\t\t<span class='e-closed'><svg aria-hidden=\"true\" class=\"e-font-icon-svg e-fas-plus\" viewbox=\"0 0 448 512\" xmlns=\"http:\/\/www.w3.org\/2000\/svg\"><path d=\"M416 208H272V64c0-17.67-14.33-32-32-32h-32c-17.67 0-32 14.33-32 32v144H32c-17.67 0-32 14.33-32 32v32c0 17.67 14.33 32 32 32h144v144c0 17.67 14.33 32 32 32h32c17.67 0 32-14.33 32-32V304h144c17.67 0 32-14.33 32-32v-32c0-17.67-14.33-32-32-32z\"><\/path><\/svg><\/span>\n\t\t<\/span>\n\n\t\t\t\t\t\t<\/summary>\n\t\t\t\t<div role=\"region\" aria-labelledby=\"e-n-accordion-item-2121\" class=\"elementor-element elementor-element-5302bc8f e-con-full e-flex e-con e-child\" data-id=\"5302bc8f\" data-element_type=\"container\" data-e-type=\"container\">\n\t\t\t\t<div class=\"elementor-element elementor-element-21757602 elementor-widget elementor-widget-text-editor\" data-id=\"21757602\" data-element_type=\"widget\" data-e-type=\"widget\" data-widget_type=\"text-editor.default\">\n\t\t\t\t\t\t\t\t\t<p>El termini varia segons la complexitat del projecte. Un projecte b\u00e0sic dhabitatge unifamiliar pot elaborar-se en 2-4 setmanes, mentre que projectes dedificis plurifamiliars o industrials requereixen 1-3 mesos. Els projectes d&#039;infraestructures o urbanitzacions complexes poden necessitar 3-6 mesos. Establim cronogrames realistes adaptats a les necessitats de cada client.<\/p>\t\t\t\t\t\t\t\t<\/div>\n\t\t\t\t<\/div>\n\t\t\t\t\t<\/details>\n\t\t\t\t\t<\/div>\n\t\t\t\t\t<script type=\"application\/ld+json\">{\"@context\":\"https:\\\/\\\/schema.org\",\"@type\":\"FAQPage\",\"mainEntity\":[{\"@type\":\"Question\",\"name\":\"\\u00bfC\\u00f3mo puedo solicitar un presupuesto para mi proyecto?\",\"acceptedAnswer\":{\"@type\":\"Answer\",\"text\":\"Puedes contactarnos a trav\\u00e9s del formulario web, llamando al\\u00a0615036917\\u00a0o enviando un email a\\u00a0Info@Sergogrup.Com. Necesitaremos informaci\\u00f3n sobre el tipo de proyecto, ubicaci\\u00f3n, dimensiones aproximadas y requerimientos espec\\u00edficos. Tras una reuni\\u00f3n inicial para definir alcance y necesidades, te entregaremos una propuesta t\\u00e9cnico-econ\\u00f3mica detallada.\"}},{\"@type\":\"Question\",\"name\":\"\\u00bfCu\\u00e1nto tiempo se tarda en desarrollar un proyecto de ingenier\\u00eda?\",\"acceptedAnswer\":{\"@type\":\"Answer\",\"text\":\"El plazo var\\u00eda seg\\u00fan la complejidad del proyecto. Un proyecto b\\u00e1sico de vivienda unifamiliar puede elaborarse en 2-4 semanas, mientras que proyectos de edificios plurifamiliares o industriales requieren 1-3 meses. Proyectos de infraestructuras o urbanizaciones complejas pueden necesitar 3-6 meses. Establecemos cronogramas realistas adaptados a las necesidades de cada cliente.\"}}]}<\/script>\n\t\t\t\t\t\t\t<\/div>\n\t\t\t\t<\/div>\n\t\t\t\t\t<\/div>\n\t\t\t\t<\/div>\n\t\t\t\t<\/div>","protected":false},"excerpt":{"rendered":"<p>Projectes d&#039;enginyeria Inici La nostra llista de serveis Projectes d&#039;enginyeria Manteniment indusrial Edificaci\u00f3 I Obra Civil Sistemes d&#039;Encofrat Algun dubte? consulta&#039;ns 615036917 sergogrup@gmail.com Constru\u00efm Amb Qualitat, Seguretat i Comprom\u00eds Solucions T\u00e8cniques Integrals Per al teu Projecte Constructiu A Sergogrup desenvolupem projectes d&#039;enginyeria complets, des de l&#039;estudi previ fins a la direcci\u00f3 d&#039;obra. El nostre [\u2026]<\/p>","protected":false},"author":1,"featured_media":0,"parent":0,"menu_order":0,"comment_status":"closed","ping_status":"closed","template":"","meta":{"_angie_page":false,"footnotes":""},"class_list":["post-235","page","type-page","status-publish","hentry"],"_links":{"self":[{"href":"https:\/\/sergogrup.com\/ca\/wp-json\/wp\/v2\/pages\/235","targetHints":{"allow":["GET"]}}],"collection":[{"href":"https:\/\/sergogrup.com\/ca\/wp-json\/wp\/v2\/pages"}],"about":[{"href":"https:\/\/sergogrup.com\/ca\/wp-json\/wp\/v2\/types\/page"}],"author":[{"embeddable":true,"href":"https:\/\/sergogrup.com\/ca\/wp-json\/wp\/v2\/users\/1"}],"replies":[{"embeddable":true,"href":"https:\/\/sergogrup.com\/ca\/wp-json\/wp\/v2\/comments?post=235"}],"version-history":[{"count":23,"href":"https:\/\/sergogrup.com\/ca\/wp-json\/wp\/v2\/pages\/235\/revisions"}],"predecessor-version":[{"id":401,"href":"https:\/\/sergogrup.com\/ca\/wp-json\/wp\/v2\/pages\/235\/revisions\/401"}],"wp:attachment":[{"href":"https:\/\/sergogrup.com\/ca\/wp-json\/wp\/v2\/media?parent=235"}],"curies":[{"name":"wp","href":"https:\/\/api.w.org\/{rel}","templated":true}]}}