{"id":305,"date":"2025-12-20T08:41:44","date_gmt":"2025-12-20T08:41:44","guid":{"rendered":"https:\/\/sergogrup.com\/?page_id=305"},"modified":"2025-12-20T08:43:16","modified_gmt":"2025-12-20T08:43:16","slug":"politica-de-privacidad","status":"publish","type":"page","link":"https:\/\/sergogrup.com\/ca\/politica-de-privacidad\/","title":{"rendered":"Pol\u00edtica de privadesa"},"content":{"rendered":"<div data-elementor-type=\"wp-page\" data-elementor-id=\"305\" class=\"elementor elementor-305\" data-elementor-post-type=\"page\">\n\t\t\t\t<div class=\"elementor-element elementor-element-53a391b7 e-flex e-con-boxed e-con e-parent\" data-id=\"53a391b7\" data-element_type=\"container\" data-e-type=\"container\" data-settings=\"{&quot;background_background&quot;:&quot;classic&quot;}\">\n\t\t\t\t\t<div class=\"e-con-inner\">\n\t\t<div class=\"elementor-element elementor-element-4913b8eb e-flex e-con-boxed e-con e-child\" data-id=\"4913b8eb\" data-element_type=\"container\" data-e-type=\"container\">\n\t\t\t\t\t<div class=\"e-con-inner\">\n\t\t\t\t<div class=\"elementor-element elementor-element-373b3746 elementor-widget elementor-widget-heading\" data-id=\"373b3746\" data-element_type=\"widget\" data-e-type=\"widget\" data-widget_type=\"heading.default\">\n\t\t\t\t\t<h1 class=\"elementor-heading-title elementor-size-default\">Pol\u00edtica de privadesa<\/h1>\t\t\t\t<\/div>\n\t\t\t\t<div class=\"elementor-element elementor-element-99138a2 elementor-align-center elementor-widget elementor-widget-breadcrumbs\" data-id=\"99138a2\" data-element_type=\"widget\" data-e-type=\"widget\" data-widget_type=\"breadcrumbs.default\">\n\t\t\t\t<div class=\"elementor-widget-container\">\n\t\t\t\t\t<nav aria-label=\"breadcrumbs\" class=\"rank-math-breadcrumb\"><p><span class=\"last\">Inici<\/span><\/p><\/nav>\t\t\t\t<\/div>\n\t\t\t\t<\/div>\n\t\t\t\t\t<\/div>\n\t\t\t\t<\/div>\n\t\t\t\t\t<\/div>\n\t\t\t\t<\/div>\n\t\t<div class=\"elementor-element elementor-element-9cf76c4 e-flex e-con-boxed e-con e-parent\" data-id=\"9cf76c4\" data-element_type=\"container\" data-e-type=\"container\">\n\t\t\t\t\t<div class=\"e-con-inner\">\n\t\t<div class=\"elementor-element elementor-element-7525858f e-con-full e-flex e-con e-child\" data-id=\"7525858f\" data-element_type=\"container\" data-e-type=\"container\">\n\t\t\t\t<div class=\"elementor-element elementor-element-2e3178b5 elementor-widget elementor-widget-text-editor\" data-id=\"2e3178b5\" data-element_type=\"widget\" data-e-type=\"widget\" data-widget_type=\"text-editor.default\">\n\t\t\t\t\t\t\t\t\t<h2 class=\"text-text-100 mt-3 -mb-1 text-[1.125rem] font-bold\">Pol\u00edtica de Privadesa i Protecci\u00f3 de Dades<\/h2><p class=\"font-claude-response-body break-words whitespace-normal leading-[1.7]\">Respectant el que estableix la legislaci\u00f3 vigent, <strong>Sergogrup<\/strong> es compromet a adoptar les mesures t\u00e8cniques i organitzatives necess\u00e0ries, segons el nivell de seguretat adequat al risc de les dades recollides.<\/p><h3 class=\"text-text-100 mt-2 -mb-1 text-base font-bold\">Normativa Aplicable<\/h3><p class=\"font-claude-response-body break-words whitespace-normal leading-[1.7]\">Aquesta pol\u00edtica de privadesa est\u00e0 adaptada a la normativa espanyola i europea vigent en mat\u00e8ria de protecci\u00f3 de dades personals a internet. En concret, respecta les normes seg\u00fcents:<\/p><ul class=\"[li_&amp;]:mb-0 [li_&amp;]:mt-1.5 [li_&amp;]:gap-1.5 [&amp;:not(:last-child)_ul]:pb-1 [&amp;:not(:last-child)_ol]:pb-1 list-disc flex flex-col gap-2 pl-8 mb-3\"><li class=\"whitespace-normal break-words pl-2\">El Reglament (UE) 2016\/679 del Parlament Europeu i del Consell, de 27 d&#039;abril del 2016, relatiu a la protecci\u00f3 de les persones f\u00edsiques pel que fa al tractament de dades personals ia la lliure circulaci\u00f3 d&#039;aquestes dades (RGPD).<\/li><li class=\"whitespace-normal break-words pl-2\">La Llei Org\u00e0nica 3\/2018, del 5 de desembre, de Protecci\u00f3 de Dades Personals i garantia dels drets digitals (LOPD-GDD).<\/li><li class=\"whitespace-normal break-words pl-2\">El Reial decret 1720\/2007, de 21 de desembre, pel qual saprova el Reglament de desplegament de la Llei Org\u00e0nica 15\/1999, de 13 de desembre, de Protecci\u00f3 de Dades de Car\u00e0cter Personal (RDLOPD).<\/li><li class=\"whitespace-normal break-words pl-2\">La Llei 34\/2002, de 11 de juliol, de Serveis de la Societat de la Informaci\u00f3 i de Comer\u00e7 Electr\u00f2nic (LSSI-CE).<\/li><\/ul><h3 class=\"text-text-100 mt-2 -mb-1 text-base font-bold\">Identitat del Responsable del Tractament<\/h3><p class=\"font-claude-response-body break-words whitespace-normal leading-[1.7]\"><strong>Responsable:<\/strong> Grup de Serveis i Gesti\u00f3 d&#039;Obres d&#039;Igualada<br \/><strong>NIF\/CIF:<\/strong> B65898801<br \/><strong>Adre\u00e7a:<\/strong> Carrer del Llamp (Pg. Plans de la Tossa), Parc. 7, 08710 \u2013 Santa Margarida de Montbui, Barcelona (Espanya)<br \/><strong>Email:<\/strong> <a class=\"underline underline underline-offset-2 decoration-1 decoration-current\/40 hover:decoration-current focus:decoration-current\" href=\"mailto:info@sergogrup.com\">info@sergogrup.com<\/a><br \/><strong>Web:<\/strong> <a class=\"underline underline underline-offset-2 decoration-1 decoration-current\/40 hover:decoration-current focus:decoration-current\" href=\"https:\/\/sergogrup.com\/ca\/\">https:\/\/sergogrup.com\/<\/a><\/p><h3 class=\"text-text-100 mt-2 -mb-1 text-base font-bold\">Registre de Dades de Car\u00e0cter Personal<\/h3><p class=\"font-claude-response-body break-words whitespace-normal leading-[1.7]\">En compliment del que estableix el RGPD i la LOPD-GDD, us informem que les dades personals demanades per Sergogrup mitjan\u00e7ant els formularis estesos a les vostres p\u00e0gines quedaran incorporats i seran tractats al nostre fitxer per tal de poder facilitar, agilitzar i complir els compromisos establerts entre Sergogrup i l&#039;usuari, o per atendre una sol\u00b7licitud o consulta del mateix.<\/p><p class=\"font-claude-response-body break-words whitespace-normal leading-[1.7]\">Aix\u00ed mateix, de conformitat amb el que preveu el RGPD i la LOPD-GDD, es mant\u00e9 un registre d&#039;activitats de tractament que especifica, segons les seves finalitats, les activitats de tractament dutes a terme i les altres circumst\u00e0ncies establertes al RGPD.<\/p><h3 class=\"text-text-100 mt-2 -mb-1 text-base font-bold\">Principis Aplicables al Tractament de Dades<\/h3><p class=\"font-claude-response-body break-words whitespace-normal leading-[1.7]\">El tractament de les dades personals de l&#039;usuari se sotmetr\u00e0 als principis seg\u00fcents recollits a l&#039;article 5 del RGPD:<\/p><ul class=\"[li_&amp;]:mb-0 [li_&amp;]:mt-1.5 [li_&amp;]:gap-1.5 [&amp;:not(:last-child)_ul]:pb-1 [&amp;:not(:last-child)_ol]:pb-1 list-disc flex flex-col gap-2 pl-8 mb-3\"><li class=\"whitespace-normal break-words pl-2\"><strong>Licitud, lleialtat i transpar\u00e8ncia:<\/strong> Es requerir\u00e0 en tot moment el consentiment de l&#039;usuari pr\u00e8via informaci\u00f3 completament transparent de les finalitats per a les quals es recullen les dades personals.<\/li><li class=\"whitespace-normal break-words pl-2\"><strong>Limitaci\u00f3 de la finalitat:<\/strong> Les dades personals seran recollides amb fins determinats, expl\u00edcits i leg\u00edtims.<\/li><li class=\"whitespace-normal break-words pl-2\"><strong>Minimitzaci\u00f3 de dades:<\/strong> Les dades personals recollides seran \u00fanicament les estrictament necess\u00e0ries en relaci\u00f3 amb les finalitats per a les quals s\u00f3n tractades.<\/li><li class=\"whitespace-normal break-words pl-2\"><strong>Exactitud:<\/strong> Les dades personals han de ser exactes i estar sempre actualitzades.<\/li><li class=\"whitespace-normal break-words pl-2\"><strong>Limitaci\u00f3 del termini de conservaci\u00f3:<\/strong> Les dades personals nom\u00e9s seran mantingudes durant el temps necessari per als fins del tractament.<\/li><li class=\"whitespace-normal break-words pl-2\"><strong>Integritat i confidencialitat:<\/strong> Les dades personals seran tractades de manera que se&#039;n garanteixi la seguretat i confidencialitat.<\/li><li class=\"whitespace-normal break-words pl-2\"><strong>Responsabilitat proactiva:<\/strong> El responsable del tractament ser\u00e0 responsable dassegurar que els principis anteriors es compleixen.<\/li><\/ul><h3 class=\"text-text-100 mt-2 -mb-1 text-base font-bold\">Categories de Dades Personals<\/h3><p class=\"font-claude-response-body break-words whitespace-normal leading-[1.7]\">Les categories de dades que es tracten a Sergogrup s\u00f3n \u00fanicament dades identificatives. En cap cas no es tracten categories especials de dades personals en el sentit de l&#039;article 9 del RGPD.<\/p><h3 class=\"text-text-100 mt-2 -mb-1 text-base font-bold\">Base Legal per al Tractament<\/h3><p class=\"font-claude-response-body break-words whitespace-normal leading-[1.7]\">La base legal per al tractament de les dades personals \u00e9s el <strong>consentiment expr\u00e9s i verificable<\/strong> de lusuari. L&#039;usuari tindr\u00e0 dret a retirar el seu consentiment en qualsevol moment, i ser\u00e0 tan f\u00e0cil retirar-lo com donar-lo.<\/p><p class=\"font-claude-response-body break-words whitespace-normal leading-[1.7]\">En les ocasions en qu\u00e8 l&#039;usuari hagi de facilitar o facilitar les dades a trav\u00e9s de formularis per fer consultes o sol\u00b7licitar informaci\u00f3, se us informar\u00e0 en cas que l&#039;emplenament d&#039;algun d&#039;ells sigui obligat\u00f2ria.<\/p><h3 class=\"text-text-100 mt-2 -mb-1 text-base font-bold\">Finalitats del Tractament<\/h3><p class=\"font-claude-response-body break-words whitespace-normal leading-[1.7]\">Les dades personals s\u00f3n recollides i gestionades per Sergogrup amb les finalitats seg\u00fcents:<\/p><ul class=\"[li_&amp;]:mb-0 [li_&amp;]:mt-1.5 [li_&amp;]:gap-1.5 [&amp;:not(:last-child)_ul]:pb-1 [&amp;:not(:last-child)_ol]:pb-1 list-disc flex flex-col gap-2 pl-8 mb-3\"><li class=\"whitespace-normal break-words pl-2\">Facilitar, agilitzar i complir els compromisos establerts entre el lloc web i lusuari.<\/li><li class=\"whitespace-normal break-words pl-2\">Mantenir la relaci\u00f3 que s&#039;estableixi als formularis que l&#039;usuari empleni.<\/li><li class=\"whitespace-normal break-words pl-2\">Atendre sol\u00b7licituds o consultes de lusuari.<\/li><li class=\"whitespace-normal break-words pl-2\">Personalitzaci\u00f3, operativa i estad\u00edstica del servei.<\/li><li class=\"whitespace-normal break-words pl-2\">Activitats pr\u00f2pies de lobjecte social de Sergogrup.<\/li><li class=\"whitespace-normal break-words pl-2\">Extracci\u00f3, emmagatzematge de dades i estudis de m\u00e0rqueting per adequar el contingut ofert a l&#039;usuari.<\/li><li class=\"whitespace-normal break-words pl-2\">Millorar la qualitat, el funcionament i la navegaci\u00f3 pel lloc web.<\/li><\/ul><h3 class=\"text-text-100 mt-2 -mb-1 text-base font-bold\">Per\u00edodes de Retenci\u00f3 de les Dades<\/h3><p class=\"font-claude-response-body break-words whitespace-normal leading-[1.7]\">Les dades personals seran retingudes durant el temps m\u00ednim necessari per als fins del seu tractament, o fins que l&#039;usuari sol\u00b7licite la supressi\u00f3. En el moment de l&#039;obtenci\u00f3 de les dades, s&#039;informar\u00e0 l&#039;usuari del termini de conservaci\u00f3 o dels criteris utilitzats per determinar-ho.<\/p><h3 class=\"text-text-100 mt-2 -mb-1 text-base font-bold\">Destinataris de les Dades<\/h3><p class=\"font-claude-response-body break-words whitespace-normal leading-[1.7]\">Les dades personals de l&#039;usuari es poden compartir amb tercers quan sigui necessari per a la prestaci\u00f3 del servei sol\u00b7licitat. En cas de transfer\u00e8ncia internacional de dades, s&#039;informar\u00e0 l&#039;usuari sobre el tercer pa\u00eds o organitzaci\u00f3 internacional destinat\u00e0ria, aix\u00ed com de l&#039;exist\u00e8ncia o l&#039;abs\u00e8ncia d&#039;una decisi\u00f3 d&#039;adequaci\u00f3 de la Comissi\u00f3 Europea.<\/p><h3 class=\"text-text-100 mt-2 -mb-1 text-base font-bold\">Dades personals de menors d&#039;edat<\/h3><p class=\"font-claude-response-body break-words whitespace-normal leading-[1.7]\">Respectant all\u00f2 establert als articles 8 del RGPD i 7 de la LOPD-GDD, nom\u00e9s els majors de 14 anys podran atorgar el seu consentiment per al tractament de les seves dades personals de forma l\u00edcita. Si \u00e9s un menor de 14 anys, caldr\u00e0 el consentiment dels pares o tutors per al tractament.<\/p><h3 class=\"text-text-100 mt-2 -mb-1 text-base font-bold\">Seguretat de les Dades Personals<\/h3><p class=\"font-claude-response-body break-words whitespace-normal leading-[1.7]\">Sergogrup es compromet a adoptar les mesures t\u00e8cniques i organitzatives necess\u00e0ries per garantir la seguretat de les dades de car\u00e0cter personal i evitar la destrucci\u00f3, p\u00e8rdua o alteraci\u00f3 accidental o il\u00b7l\u00edcita de dades personals.<\/p><p class=\"font-claude-response-body break-words whitespace-normal leading-[1.7]\">En cas de violaci\u00f3 de la seguretat de les dades personals que comporti un alt risc per als drets i les llibertats de les persones f\u00edsiques, el responsable del tractament es compromet a comunicar-ho a l&#039;usuari sense dilaci\u00f3 indeguda.<\/p><p class=\"font-claude-response-body break-words whitespace-normal leading-[1.7]\">Les dades personals seran tractades com a confidencials pel responsable del tractament, qui garantir\u00e0 que aquesta confidencialitat sigui respectada pels seus empleats, associats i tota persona a qui li faci accessible la informaci\u00f3.<\/p><h3 class=\"text-text-100 mt-2 -mb-1 text-base font-bold\">Drets de l&#039;Usuari<\/h3><p class=\"font-claude-response-body break-words whitespace-normal leading-[1.7]\">L&#039;usuari pot exercir davant de Sergogrup els seg\u00fcents drets reconeguts al RGPD i la LOPD-GDD:<\/p><ul class=\"[li_&amp;]:mb-0 [li_&amp;]:mt-1.5 [li_&amp;]:gap-1.5 [&amp;:not(:last-child)_ul]:pb-1 [&amp;:not(:last-child)_ol]:pb-1 list-disc flex flex-col gap-2 pl-8 mb-3\"><li class=\"whitespace-normal break-words pl-2\"><strong>Dret d&#039;acc\u00e9s:<\/strong> Obtenir confirmaci\u00f3 de si s&#039;estan tractant les seves dades personals i accedir-hi.<\/li><li class=\"whitespace-normal break-words pl-2\"><strong>Dret de rectificaci\u00f3:<\/strong> Sol\u00b7licitar la modificaci\u00f3 de les vostres dades personals que resultin inexactes o incomplets.<\/li><li class=\"whitespace-normal break-words pl-2\"><strong>Dret de supressi\u00f3 (\u00abdret a l&#039;oblit\u00bb):<\/strong> Obtenir la supressi\u00f3 de les dades personals quan ja no siguin necess\u00e0ries o quan retiri el seu consentiment.<\/li><li class=\"whitespace-normal break-words pl-2\"><strong>Dret a la limitaci\u00f3 del tractament:<\/strong> Limitar el tractament de les vostres dades personals en determinades circumst\u00e0ncies.<\/li><li class=\"whitespace-normal break-words pl-2\"><strong>Dret a la portabilitat:<\/strong> Rebre les vostres dades personals en un format estructurat, d&#039;\u00fas com\u00fa i lectura mec\u00e0nica, i transmetre-les a un altre responsable.<\/li><li class=\"whitespace-normal break-words pl-2\"><strong>Dret d&#039;oposici\u00f3:<\/strong> Oposar-se que es dugui a terme el tractament de les vostres dades de car\u00e0cter personal.<\/li><li class=\"whitespace-normal break-words pl-2\"><strong>Dret a no ser objecte de decisions automatitzades:<\/strong> No ser objecte d&#039;una decisi\u00f3 individualitzada basada \u00fanicament en el tractament automatitzat de les vostres dades personals.<\/li><\/ul><h3 class=\"text-text-100 mt-2 -mb-1 text-base font-bold\">Exercici de Drets<\/h3><p class=\"font-claude-response-body break-words whitespace-normal leading-[1.7]\">Per exercir els vostres drets, l&#039;usuari podr\u00e0 enviar una comunicaci\u00f3 escrita al responsable del tractament amb la refer\u00e8ncia \u00abRGPD-<a class=\"underline underline underline-offset-2 decoration-1 decoration-current\/40 hover:decoration-current focus:decoration-current\" href=\"https:\/\/sergogrup.com\/ca\/\">https:\/\/sergogrup.com\/<\/a>\u00ab, especificant:<\/p><ul class=\"[li_&amp;]:mb-0 [li_&amp;]:mt-1.5 [li_&amp;]:gap-1.5 [&amp;:not(:last-child)_ul]:pb-1 [&amp;:not(:last-child)_ol]:pb-1 list-disc flex flex-col gap-2 pl-8 mb-3\"><li class=\"whitespace-normal break-words pl-2\">Nom, cognoms i c\u00f2pia del DNI.<\/li><li class=\"whitespace-normal break-words pl-2\">Petici\u00f3 amb els motius espec\u00edfics de la sol\u00b7licitud.<\/li><li class=\"whitespace-normal break-words pl-2\">Domicili a efectes de notificacions.<\/li><li class=\"whitespace-normal break-words pl-2\">Data i signatura del sol\u00b7licitant.<\/li><li class=\"whitespace-normal break-words pl-2\">Tot document que acrediti la petici\u00f3.<\/li><\/ul><p class=\"font-claude-response-body break-words whitespace-normal leading-[1.7]\">Aquesta sol\u00b7licitud es podr\u00e0 enviar a:<\/p><p class=\"font-claude-response-body break-words whitespace-normal leading-[1.7]\"><strong>Adre\u00e7a postal:<\/strong> Carrer del Llamp (Pg. Plans de la Tossa), Parc. 7, 08710 \u2013 Santa Margarida de Montbui, Barcelona (Espanya)<br \/><strong>Correu electr\u00f2nic:<\/strong> <a class=\"underline underline underline-offset-2 decoration-1 decoration-current\/40 hover:decoration-current focus:decoration-current\" href=\"mailto:info@sergogrup.com\">info@sergogrup.com<\/a><\/p><h3 class=\"text-text-100 mt-2 -mb-1 text-base font-bold\">Enlla\u00e7os a Llocs Web de Tercers<\/h3><p class=\"font-claude-response-body break-words whitespace-normal leading-[1.7]\">El lloc web pot incloure hipervincles o enlla\u00e7os que permeten accedir a p\u00e0gines web de tercers diferents de Sergogrup. Els titulars d&#039;aquests llocs web disposaran de les pr\u00f2pies pol\u00edtiques de protecci\u00f3 de dades, i seran ells mateixos responsables dels seus propis fitxers i pr\u00e0ctiques de privadesa.<\/p><h3 class=\"text-text-100 mt-2 -mb-1 text-base font-bold\">Reclamacions davant de l&#039;Autoritat de Control<\/h3><p class=\"font-claude-response-body break-words whitespace-normal leading-[1.7]\">En cas que l&#039;usuari consideri que hi ha una infracci\u00f3 de la normativa vigent en la manera com s&#039;estan tractant les dades personals, tindr\u00e0 dret a presentar una reclamaci\u00f3 davant d&#039;una autoritat de control. A Espanya, l&#039;autoritat de control \u00e9s la <strong>Ag\u00e8ncia Espanyola de Protecci\u00f3 de Dades<\/strong> (<a class=\"underline underline underline-offset-2 decoration-1 decoration-current\/40 hover:decoration-current focus:decoration-current\" href=\"https:\/\/www.aepd.es\/\" target=\"_blank\" rel=\"noopener\">https:\/\/www.aepd.es\/<\/a>).<\/p><h3 class=\"text-text-100 mt-2 -mb-1 text-base font-bold\">Acceptaci\u00f3 i Canvis en aquesta Pol\u00edtica<\/h3><p class=\"font-claude-response-body break-words whitespace-normal leading-[1.7]\">L&#039;\u00fas del lloc web implicar\u00e0 l&#039;acceptaci\u00f3 de la present pol\u00edtica de privadesa. Sergogrup es reserva el dret a modificar la seva pol\u00edtica de privadesa d&#039;acord amb el seu propi criteri o motivat per canvis legislatius. Es recomana a l&#039;usuari consultar aquesta p\u00e0gina peri\u00f2dicament per estar al corrent dels darrers canvis o actualitzacions.<\/p><p class=\"font-claude-response-body break-words whitespace-normal leading-[1.7]\"><strong>\u00daltima actualitzaci\u00f3:<\/strong> 20 de desembre de 2025<\/p>\t\t\t\t\t\t\t\t<\/div>\n\t\t\t\t<\/div>\n\t\t\t\t\t<\/div>\n\t\t\t\t<\/div>\n\t\t\t\t<\/div>","protected":false},"excerpt":{"rendered":"<p>Pol\u00edtica de privadesa Inici Pol\u00edtica de Privadesa i Protecci\u00f3 de Dades Respectant el que estableix la legislaci\u00f3 vigent, Sergogrup es compromet a adoptar les mesures t\u00e8cniques i organitzatives necess\u00e0ries, segons el nivell de seguretat adequat al risc de les dades recollides. Normativa Aplicable Aquesta pol\u00edtica de privadesa est\u00e0 adaptada a la normativa espanyola i europea [\u2026]<\/p>","protected":false},"author":1,"featured_media":0,"parent":0,"menu_order":0,"comment_status":"closed","ping_status":"closed","template":"","meta":{"_angie_page":false,"footnotes":""},"class_list":["post-305","page","type-page","status-publish","hentry"],"_links":{"self":[{"href":"https:\/\/sergogrup.com\/ca\/wp-json\/wp\/v2\/pages\/305","targetHints":{"allow":["GET"]}}],"collection":[{"href":"https:\/\/sergogrup.com\/ca\/wp-json\/wp\/v2\/pages"}],"about":[{"href":"https:\/\/sergogrup.com\/ca\/wp-json\/wp\/v2\/types\/page"}],"author":[{"embeddable":true,"href":"https:\/\/sergogrup.com\/ca\/wp-json\/wp\/v2\/users\/1"}],"replies":[{"embeddable":true,"href":"https:\/\/sergogrup.com\/ca\/wp-json\/wp\/v2\/comments?post=305"}],"version-history":[{"count":4,"href":"https:\/\/sergogrup.com\/ca\/wp-json\/wp\/v2\/pages\/305\/revisions"}],"predecessor-version":[{"id":309,"href":"https:\/\/sergogrup.com\/ca\/wp-json\/wp\/v2\/pages\/305\/revisions\/309"}],"wp:attachment":[{"href":"https:\/\/sergogrup.com\/ca\/wp-json\/wp\/v2\/media?parent=305"}],"curies":[{"name":"wp","href":"https:\/\/api.w.org\/{rel}","templated":true}]}}