{"id":310,"date":"2025-12-20T08:53:51","date_gmt":"2025-12-20T08:53:51","guid":{"rendered":"https:\/\/sergogrup.com\/?page_id=310"},"modified":"2025-12-20T08:54:19","modified_gmt":"2025-12-20T08:54:19","slug":"aviso-legal","status":"publish","type":"page","link":"https:\/\/sergogrup.com\/ca\/aviso-legal\/","title":{"rendered":"Av\u00eds legal"},"content":{"rendered":"<div data-elementor-type=\"wp-page\" data-elementor-id=\"310\" class=\"elementor elementor-310\" data-elementor-post-type=\"page\">\n\t\t\t\t<div class=\"elementor-element elementor-element-53a391b7 e-flex e-con-boxed e-con e-parent\" data-id=\"53a391b7\" data-element_type=\"container\" data-e-type=\"container\" data-settings=\"{&quot;background_background&quot;:&quot;classic&quot;}\">\n\t\t\t\t\t<div class=\"e-con-inner\">\n\t\t<div class=\"elementor-element elementor-element-4913b8eb e-flex e-con-boxed e-con e-child\" data-id=\"4913b8eb\" data-element_type=\"container\" data-e-type=\"container\">\n\t\t\t\t\t<div class=\"e-con-inner\">\n\t\t\t\t<div class=\"elementor-element elementor-element-373b3746 elementor-widget elementor-widget-heading\" data-id=\"373b3746\" data-element_type=\"widget\" data-e-type=\"widget\" data-widget_type=\"heading.default\">\n\t\t\t\t\t<h1 class=\"elementor-heading-title elementor-size-default\">Av\u00eds legal<\/h1>\t\t\t\t<\/div>\n\t\t\t\t<div class=\"elementor-element elementor-element-99138a2 elementor-align-center elementor-widget elementor-widget-breadcrumbs\" data-id=\"99138a2\" data-element_type=\"widget\" data-e-type=\"widget\" data-widget_type=\"breadcrumbs.default\">\n\t\t\t\t<div class=\"elementor-widget-container\">\n\t\t\t\t\t<nav aria-label=\"breadcrumbs\" class=\"rank-math-breadcrumb\"><p><span class=\"last\">Inici<\/span><\/p><\/nav>\t\t\t\t<\/div>\n\t\t\t\t<\/div>\n\t\t\t\t\t<\/div>\n\t\t\t\t<\/div>\n\t\t\t\t\t<\/div>\n\t\t\t\t<\/div>\n\t\t<div class=\"elementor-element elementor-element-9cf76c4 e-flex e-con-boxed e-con e-parent\" data-id=\"9cf76c4\" data-element_type=\"container\" data-e-type=\"container\">\n\t\t\t\t\t<div class=\"e-con-inner\">\n\t\t<div class=\"elementor-element elementor-element-7525858f e-con-full e-flex e-con e-child\" data-id=\"7525858f\" data-element_type=\"container\" data-e-type=\"container\">\n\t\t\t\t<div class=\"elementor-element elementor-element-2e3178b5 elementor-widget elementor-widget-text-editor\" data-id=\"2e3178b5\" data-element_type=\"widget\" data-e-type=\"widget\" data-widget_type=\"text-editor.default\">\n\t\t\t\t\t\t\t\t\t<h2 class=\"text-text-100 mt-3 -mb-1 text-[1.125rem] font-bold\">Av\u00eds Legal i Condicions Generals d&#039;\u00das<\/h2><h3 class=\"text-text-100 mt-2 -mb-1 text-base font-bold\">Informaci\u00f3 General<\/h3><p class=\"font-claude-response-body break-words whitespace-normal leading-[1.7]\">En compliment amb el deure informaci\u00f3 disposat a la Llei 34\/2002 de Serveis de la Societat de la Informaci\u00f3 i el Comer\u00e7 Electr\u00f2nic (LSSI-CE) d&#039;11 de juliol, es faciliten a continuaci\u00f3 les dades d&#039;informaci\u00f3 general d&#039;aquest lloc web seg\u00fcents:<\/p><p class=\"font-claude-response-body break-words whitespace-normal leading-[1.7]\"><strong>Titular del lloc web:<\/strong> Grup de Serveis i Gesti\u00f3 d&#039;Obres d&#039;Igualada<br \/><strong>NIF:<\/strong> B65898801<br \/><strong>Adre\u00e7a:<\/strong> Carrer del Llamp (Pg. Plans de la Tossa), Parc. 7, 08710 \u2013 Santa Margarida de Montbui, Barcelona (Espanya)<br \/><strong>Email:<\/strong> <a class=\"underline underline underline-offset-2 decoration-1 decoration-current\/40 hover:decoration-current focus:decoration-current\" href=\"mailto:info@sergogrup.com\">info@sergogrup.com<\/a><br \/><strong>Web:<\/strong> <a class=\"underline underline underline-offset-2 decoration-1 decoration-current\/40 hover:decoration-current focus:decoration-current\" href=\"https:\/\/sergogrup.com\/ca\/\">https:\/\/sergogrup.com\/<\/a><\/p><h3 class=\"text-text-100 mt-2 -mb-1 text-base font-bold\">Objecte de les Condicions<\/h3><p class=\"font-claude-response-body break-words whitespace-normal leading-[1.7]\">L&#039;objecte de les presents Condicions Generals d&#039;\u00das \u00e9s regular l&#039;acc\u00e9s i la utilitzaci\u00f3 del lloc web. Als efectes de les presents condicions s&#039;entendr\u00e0 com a lloc web: l&#039;aparen\u00e7a externa de les interf\u00edcies de pantalla, tant de forma est\u00e0tica com din\u00e0mica, l&#039;arbre de navegaci\u00f3, i tots els elements integrats tant als interf\u00edcies de pantalla com a l&#039;arbre de navegaci\u00f3 (continguts), aix\u00ed com tots aquells serveis o recursos en l\u00ednia que si escau ofereixi als usuaris (serveis).<\/p><p class=\"font-claude-response-body break-words whitespace-normal leading-[1.7]\">Sergogrup es reserva la facultat de modificar, en qualsevol moment i sense av\u00eds previ, la presentaci\u00f3 i configuraci\u00f3 del lloc web i dels continguts i serveis que hi poguessin estar incorporats. L&#039;usuari reconeix i accepta que en qualsevol moment Sergogrup pugui interrompre, desactivar i\/o cancel\u00b7lar qualsevol d&#039;aquests elements que s&#039;integren al lloc web o accedir-hi.<\/p><p class=\"font-claude-response-body break-words whitespace-normal leading-[1.7]\">L&#039;acc\u00e9s al lloc web per l&#039;usuari t\u00e9 car\u00e0cter lliure i, per regla general, \u00e9s gratu\u00eft sense que l&#039;usuari hagi de proporcionar una contraprestaci\u00f3 per poder-ne gaudir, llevat del cost de connexi\u00f3 a trav\u00e9s de la xarxa de telecomunicacions subministrada pel prove\u00efdor d&#039;acc\u00e9s que l&#039;usuari hagi contractat.<\/p><p class=\"font-claude-response-body break-words whitespace-normal leading-[1.7]\">La utilitzaci\u00f3 d&#039;algun dels continguts o serveis del lloc web es pot fer mitjan\u00e7ant la subscripci\u00f3 o el registre previ de l&#039;usuari.<\/p><h3 class=\"text-text-100 mt-2 -mb-1 text-base font-bold\">Responsabilitats de l&#039;Usuari<\/h3><p class=\"font-claude-response-body break-words whitespace-normal leading-[1.7]\">L&#039;acc\u00e9s, la navegaci\u00f3 i l&#039;\u00fas del lloc web confereix la condici\u00f3 d&#039;usuari, per la qual cosa s&#039;accepten, des que s&#039;inicia la navegaci\u00f3 pel lloc web, totes les condicions establertes aqu\u00ed, aix\u00ed com les modificacions ulteriors, sense perjudici de l&#039;aplicaci\u00f3 de la corresponent normativa legal de compliment obligat segons el cas.<\/p><p class=\"font-claude-response-body break-words whitespace-normal leading-[1.7]\">El lloc web de Sergogrup proporciona una gran diversitat d&#039;informaci\u00f3, serveis i dades. L&#039;usuari assumeix la seva responsabilitat per fer un \u00fas correcte del lloc web. Aquesta responsabilitat s&#039;estendr\u00e0 a:<\/p><ul class=\"[li_&amp;]:mb-0 [li_&amp;]:mt-1.5 [li_&amp;]:gap-1.5 [&amp;:not(:last-child)_ul]:pb-1 [&amp;:not(:last-child)_ol]:pb-1 list-disc flex flex-col gap-2 pl-8 mb-3\"><li class=\"whitespace-normal break-words pl-2\"><strong>\u00das adequat de la informaci\u00f3:<\/strong> Un \u00fas de la informaci\u00f3, continguts i\/o serveis i dades ofertes per Sergogrup que no sigui contrari al que disposen aquestes condicions, la llei, la moral o l&#039;ordre p\u00fablic, o que de qualsevol altra manera puguin suposar lesi\u00f3 dels drets de tercers o del mateix funcionament del lloc web.<\/li><li class=\"whitespace-normal break-words pl-2\"><strong>Veracitat de les dades:<\/strong> La veracitat i licitud de les informacions aportades per l&#039;usuari als formularis estesos per Sergogrup per a l&#039;acc\u00e9s a certs continguts o serveis oferts pel lloc web. En tot cas, l&#039;usuari notificar\u00e0 de forma immediata a Sergogrup sobre qualsevol fet que permeti l&#039;\u00fas indegut de la informaci\u00f3 registrada en aquests formularis, com ara el robatori, la p\u00e8rdua o l&#039;acc\u00e9s no autoritzat a identificadors i\/o contrasenyes, a fi de procedir a la cancel\u00b7laci\u00f3 immediata.<\/li><\/ul><p class=\"font-claude-response-body break-words whitespace-normal leading-[1.7]\">El mer acc\u00e9s a aquest lloc web no suposa entaular cap mena de relaci\u00f3 de car\u00e0cter comercial entre Sergogrup i l&#039;usuari.<\/p><h3 class=\"text-text-100 mt-2 -mb-1 text-base font-bold\">\u00c0mbit d&#039;aplicaci\u00f3<\/h3><p class=\"font-claude-response-body break-words whitespace-normal leading-[1.7]\">Sempre en el respecte de la legislaci\u00f3 vigent, aquest lloc web de Sergogrup s&#039;adre\u00e7a a totes les persones, sense importar-ne l&#039;edat, que puguin accedir i\/o navegar per les p\u00e0gines del lloc web.<\/p><p class=\"font-claude-response-body break-words whitespace-normal leading-[1.7]\">El lloc web est\u00e0 dirigit principalment a usuaris residents a Espanya. Sergogrup no assegura que el lloc web compleixi legislacions d&#039;altres pa\u00efsos, ja sigui totalment o parcialment. Si l&#039;usuari resideix o t\u00e9 el domicili en un altre lloc i decideix accedir i\/o navegar al lloc web, ho far\u00e0 sota la seva pr\u00f2pia responsabilitat, assegureu-vos que aquest acc\u00e9s i navegaci\u00f3 compleix amb la legislaci\u00f3 local que li \u00e9s aplicable, no assumint Sergogrup cap responsabilitat que es pugui derivar d&#039;aquest acc\u00e9s.<\/p><h3 class=\"text-text-100 mt-2 -mb-1 text-base font-bold\">Exclusi\u00f3 de Garanties i Responsabilitat<\/h3><p class=\"font-claude-response-body break-words whitespace-normal leading-[1.7]\">Sergogrup no garanteix la continu\u00eftat, disponibilitat i utilitat del lloc web, ni dels continguts o serveis. Sergogrup far\u00e0 tot el possible pel bon funcionament del lloc web, per\u00f2 no es responsabilitza ni garanteix que l&#039;acc\u00e9s a aquest lloc web no sigui ininterromput o que estigui lliure d&#039;error.<\/p><p class=\"font-claude-response-body break-words whitespace-normal leading-[1.7]\">Tampoc no es responsabilitza o garanteix que el contingut o programari a qu\u00e8 es pugui accedir a trav\u00e9s d&#039;aquest lloc web estigui lliure d&#039;error o causi un dany al sistema inform\u00e0tic (programari i maquinari) de l&#039;usuari. En cap cas Sergogrup ser\u00e0 responsable per les p\u00e8rdues, danys o perjudicis de qualsevol tipus que sorgeixin per l&#039;acc\u00e9s, navegaci\u00f3 i \u00fas del lloc web, incloent-hi, per\u00f2 no limitant-se, els ocasionats als sistemes inform\u00e0tics o els provocats per la introducci\u00f3 de virus.<\/p><p class=\"font-claude-response-body break-words whitespace-normal leading-[1.7]\">Sergogrup tampoc no es fa responsable dels danys que poguessin ocasionar-se als usuaris per un \u00fas inadequat d&#039;aquest lloc web. En particular, no es fa responsable de cap manera de les caigudes, interrupcions, falta o defecte de les telecomunicacions que poguessin oc\u00f3rrer.<\/p><h3 class=\"text-text-100 mt-2 -mb-1 text-base font-bold\">Pol\u00edtica d&#039;enlla\u00e7os<\/h3><p class=\"font-claude-response-body break-words whitespace-normal leading-[1.7]\">El lloc web de Sergogrup posa o pot posar a disposici\u00f3 dels usuaris mitjans denlla\u00e7 (com links, banners, botons), directoris i motors de cerca que permeten als usuaris accedir a llocs web pertanyents i\/o gestionats per tercers.<\/p><p class=\"font-claude-response-body break-words whitespace-normal leading-[1.7]\">La instal\u00b7laci\u00f3 d&#039;aquests enlla\u00e7os, directoris i motors de cerca al lloc web t\u00e9 per objecte facilitar als usuaris la cerca de i acc\u00e9s a la informaci\u00f3 disponible a Internet, sense que es pugui considerar un suggeriment, recomanaci\u00f3 o invitaci\u00f3 per visitar-los.<\/p><p class=\"font-claude-response-body break-words whitespace-normal leading-[1.7]\"><strong>Sergogrup no ofereix ni comercialitza<\/strong> per si ni per mitj\u00e0 de tercers els productes i\/o serveis disponibles en aquests llocs enlla\u00e7ats. Aix\u00ed mateix, tampoc garantir\u00e0 la disponibilitat t\u00e8cnica, exactitud, veracitat, validesa o legalitat de llocs aliens a la seva propietat a qu\u00e8 es pugui accedir per mitj\u00e0 dels enlla\u00e7os.<\/p><p class=\"font-claude-response-body break-words whitespace-normal leading-[1.7]\">Sergogrup en cap cas revisar\u00e0 o controlar\u00e0 el contingut d&#039;altres llocs web, aix\u00ed com tampoc aprova, examina ni fa propis els productes i serveis, continguts, arxius i qualsevol altre material existent als referits llocs enlla\u00e7ats.<\/p><p class=\"font-claude-response-body break-words whitespace-normal leading-[1.7]\"><strong>Sergogrup no assumeix cap responsabilitat<\/strong> pels danys i perjudicis que poguessin produir-se per l&#039;acc\u00e9s, \u00fas, qualitat o licitud dels continguts, comunicacions, opinions, productes i serveis dels llocs web no gestionats per Sergogrup i que siguin enlla\u00e7ats a aquest lloc web.<\/p><h3 class=\"text-text-100 mt-2 -mb-1 text-base font-bold\">Condicions per a Enlla\u00e7os des de Tercers<\/h3><p class=\"font-claude-response-body break-words whitespace-normal leading-[1.7]\">L&#039;usuari o tercer que faci un hiperenlla\u00e7 des d&#039;una p\u00e0gina web d&#039;un altre lloc web al lloc web de Sergogrup haur\u00e0 de saber que:<\/p><ul class=\"[li_&amp;]:mb-0 [li_&amp;]:mt-1.5 [li_&amp;]:gap-1.5 [&amp;:not(:last-child)_ul]:pb-1 [&amp;:not(:last-child)_ol]:pb-1 list-disc flex flex-col gap-2 pl-8 mb-3\"><li class=\"whitespace-normal break-words pl-2\">No es permet la reproducci\u00f3 (totalment o parcialment) de cap dels continguts i\/o serveis del lloc web sense autoritzaci\u00f3 expressa de Sergogrup.<\/li><li class=\"whitespace-normal break-words pl-2\">No es permet tampoc cap manifestaci\u00f3 falsa, inexacta o incorrecta sobre el lloc web de Sergogrup, ni sobre els continguts i\/o serveis del mateix.<\/li><li class=\"whitespace-normal break-words pl-2\">A excepci\u00f3 de l&#039;hiperenlla\u00e7, el lloc web on s&#039;estableixi aquest hiperenlla\u00e7 no contindr\u00e0 cap element d&#039;aquest lloc web protegit com a propietat intel\u00b7lectual per l&#039;ordenament jur\u00eddic espanyol, llevat d&#039;autoritzaci\u00f3 expressa de Sergogrup.<\/li><li class=\"whitespace-normal break-words pl-2\">L&#039;establiment de l&#039;hipervincle no implicar\u00e0 l&#039;exist\u00e8ncia de relacions entre Sergogrup i el titular del lloc web des del qual es realitzi, ni el coneixement i l&#039;acceptaci\u00f3 de Sergogrup dels continguts, serveis i\/o activitats ofertes en aquest lloc web, i viceversa.<\/li><\/ul><h3 class=\"text-text-100 mt-2 -mb-1 text-base font-bold\">Propietat Intel\u00b7lectual i Industrial<\/h3><p class=\"font-claude-response-body break-words whitespace-normal leading-[1.7]\">Sergogrup, per si mateix o com a part cession\u00e0ria, \u00e9s titular de tots els drets de propietat intel\u00b7lectual i industrial del lloc web, aix\u00ed com dels elements continguts en el mateix (a t\u00edtol enunciatiu i no exhaustiu: imatges, so, \u00e0udio, v\u00eddeo, programari o textos, marques o logotips, combinacions de colors, estructura i disseny, selecci\u00f3 de materials usats, programes d&#039;ordinador necessaris per al seu funcionament.<\/p><p class=\"font-claude-response-body break-words whitespace-normal leading-[1.7]\">Seran, per tant, obres protegides com a propietat intel\u00b7lectual per l&#039;ordenament jur\u00eddic espanyol, i els seran aplicables tant la normativa espanyola i comunit\u00e0ria en aquest camp, com els tractats internacionals relatius a la mat\u00e8ria i subscrits per Espanya.<\/p><p class=\"font-claude-response-body break-words whitespace-normal leading-[1.7]\"><strong>Tots els drets reservats.<\/strong> En virtut del que disposa la Llei de propietat intel\u00b7lectual, queden expressament prohibides la reproducci\u00f3, la distribuci\u00f3 i la comunicaci\u00f3 p\u00fablica, inclosa la seva modalitat de posada a disposici\u00f3, de la totalitat o part dels continguts d&#039;aquesta p\u00e0gina web, amb fins comercials, en qualsevol suport i per qualsevol mitj\u00e0 t\u00e8cnic, sense l&#039;autoritzaci\u00f3 de Sergogrup.<\/p><p class=\"font-claude-response-body break-words whitespace-normal leading-[1.7]\">L\u00b4usuari es compromet a respectar els drets de propietat intel\u00b7lectual i industrial de Sergogrup. Podreu visualitzar els elements del lloc web o fins i tot imprimir-los, copiar-los i emmagatzemar-los al disc dur del vostre ordinador o en qualsevol altre suport f\u00edsic sempre que sigui, exclusivament, per al seu \u00fas personal. L&#039;usuari, per\u00f2, no podr\u00e0 suprimir, alterar o manipular qualsevol dispositiu de protecci\u00f3 o sistema de seguretat que estigu\u00e9s instal\u00b7lat al lloc web.<\/p><h3 class=\"text-text-100 mt-2 -mb-1 text-base font-bold\">Notificaci\u00f3 d&#039;Infraccions<\/h3><p class=\"font-claude-response-body break-words whitespace-normal leading-[1.7]\">En cas que l&#039;usuari o tercer consideri que qualsevol dels continguts del lloc web suposi una violaci\u00f3 dels drets de protecci\u00f3 de la propietat intel\u00b7lectual, ho haur\u00e0 de comunicar immediatament a Sergogrup a trav\u00e9s de les dades de contacte indicades a l&#039;apartat d&#039;informaci\u00f3 general.<\/p><h3 class=\"text-text-100 mt-2 -mb-1 text-base font-bold\">Legislaci\u00f3 Aplicable i Jurisdicci\u00f3<\/h3><p class=\"font-claude-response-body break-words whitespace-normal leading-[1.7]\">Sergogrup es reserva la facultat de presentar les accions civils o penals que consideri necess\u00e0ries per la utilitzaci\u00f3 indeguda del lloc web i els continguts, o per l&#039;incompliment de les presents condicions.<\/p><p class=\"font-claude-response-body break-words whitespace-normal leading-[1.7]\">La relaci\u00f3 entre l&#039;usuari i Sergogrup es regir\u00e0 per la normativa vigent i aplicable al territori espanyol. Si sorgeix qualsevol controv\u00e8rsia en relaci\u00f3 amb la interpretaci\u00f3 i\/o l&#039;aplicaci\u00f3 d&#039;aquestes condicions, les parts sotmetran els seus conflictes a la jurisdicci\u00f3 ordin\u00e0ria sotmetent-se als jutges i tribunals que corresponguin d&#039;acord amb el dret.<\/p><p class=\"font-claude-response-body break-words whitespace-normal leading-[1.7]\"><strong>\u00daltima actualitzaci\u00f3:<\/strong> 20 de desembre de 2025<\/p>\t\t\t\t\t\t\t\t<\/div>\n\t\t\t\t<\/div>\n\t\t\t\t\t<\/div>\n\t\t\t\t<\/div>\n\t\t\t\t<\/div>","protected":false},"excerpt":{"rendered":"<p>Av\u00eds legal Inici Av\u00eds Legal i Condicions Generals d&#039;\u00das Informaci\u00f3 General En compliment amb el deure d&#039;informaci\u00f3 disposat a la Llei 34\/2002 de Serveis de la Societat de la Informaci\u00f3 i el Comer\u00e7 Electr\u00f2nic (LSSI-CE) d&#039;11 de juliol, es faciliten a continuaci\u00f3 les dades d&#039;informaci\u00f3 general d&#039;aquest lloc web seg\u00fcents: [\u2026]<\/p>","protected":false},"author":1,"featured_media":0,"parent":0,"menu_order":0,"comment_status":"closed","ping_status":"closed","template":"","meta":{"_angie_page":false,"footnotes":""},"class_list":["post-310","page","type-page","status-publish","hentry"],"_links":{"self":[{"href":"https:\/\/sergogrup.com\/ca\/wp-json\/wp\/v2\/pages\/310","targetHints":{"allow":["GET"]}}],"collection":[{"href":"https:\/\/sergogrup.com\/ca\/wp-json\/wp\/v2\/pages"}],"about":[{"href":"https:\/\/sergogrup.com\/ca\/wp-json\/wp\/v2\/types\/page"}],"author":[{"embeddable":true,"href":"https:\/\/sergogrup.com\/ca\/wp-json\/wp\/v2\/users\/1"}],"replies":[{"embeddable":true,"href":"https:\/\/sergogrup.com\/ca\/wp-json\/wp\/v2\/comments?post=310"}],"version-history":[{"count":4,"href":"https:\/\/sergogrup.com\/ca\/wp-json\/wp\/v2\/pages\/310\/revisions"}],"predecessor-version":[{"id":314,"href":"https:\/\/sergogrup.com\/ca\/wp-json\/wp\/v2\/pages\/310\/revisions\/314"}],"wp:attachment":[{"href":"https:\/\/sergogrup.com\/ca\/wp-json\/wp\/v2\/media?parent=310"}],"curies":[{"name":"wp","href":"https:\/\/api.w.org\/{rel}","templated":true}]}}