{"id":315,"date":"2025-12-20T08:59:53","date_gmt":"2025-12-20T08:59:53","guid":{"rendered":"https:\/\/sergogrup.com\/?page_id=315"},"modified":"2025-12-20T09:01:21","modified_gmt":"2025-12-20T09:01:21","slug":"politica-de-cookies","status":"publish","type":"page","link":"https:\/\/sergogrup.com\/ca\/politica-de-cookies\/","title":{"rendered":"Pol\u00edtica de cookies"},"content":{"rendered":"<div data-elementor-type=\"wp-page\" data-elementor-id=\"315\" class=\"elementor elementor-315\" data-elementor-post-type=\"page\">\n\t\t\t\t<div class=\"elementor-element elementor-element-53a391b7 e-flex e-con-boxed e-con e-parent\" data-id=\"53a391b7\" data-element_type=\"container\" data-e-type=\"container\" data-settings=\"{&quot;background_background&quot;:&quot;classic&quot;}\">\n\t\t\t\t\t<div class=\"e-con-inner\">\n\t\t<div class=\"elementor-element elementor-element-4913b8eb e-flex e-con-boxed e-con e-child\" data-id=\"4913b8eb\" data-element_type=\"container\" data-e-type=\"container\">\n\t\t\t\t\t<div class=\"e-con-inner\">\n\t\t\t\t<div class=\"elementor-element elementor-element-373b3746 elementor-widget elementor-widget-heading\" data-id=\"373b3746\" data-element_type=\"widget\" data-e-type=\"widget\" data-widget_type=\"heading.default\">\n\t\t\t\t\t<h1 class=\"elementor-heading-title elementor-size-default\">Pol\u00edtica de cookies<\/h1>\t\t\t\t<\/div>\n\t\t\t\t<div class=\"elementor-element elementor-element-99138a2 elementor-align-center elementor-widget elementor-widget-breadcrumbs\" data-id=\"99138a2\" data-element_type=\"widget\" data-e-type=\"widget\" data-widget_type=\"breadcrumbs.default\">\n\t\t\t\t<div class=\"elementor-widget-container\">\n\t\t\t\t\t<nav aria-label=\"breadcrumbs\" class=\"rank-math-breadcrumb\"><p><span class=\"last\">Inici<\/span><\/p><\/nav>\t\t\t\t<\/div>\n\t\t\t\t<\/div>\n\t\t\t\t\t<\/div>\n\t\t\t\t<\/div>\n\t\t\t\t\t<\/div>\n\t\t\t\t<\/div>\n\t\t<div class=\"elementor-element elementor-element-9cf76c4 e-flex e-con-boxed e-con e-parent\" data-id=\"9cf76c4\" data-element_type=\"container\" data-e-type=\"container\">\n\t\t\t\t\t<div class=\"e-con-inner\">\n\t\t<div class=\"elementor-element elementor-element-7525858f e-con-full e-flex e-con e-child\" data-id=\"7525858f\" data-element_type=\"container\" data-e-type=\"container\">\n\t\t\t\t<div class=\"elementor-element elementor-element-2e3178b5 elementor-widget elementor-widget-text-editor\" data-id=\"2e3178b5\" data-element_type=\"widget\" data-e-type=\"widget\" data-widget_type=\"text-editor.default\">\n\t\t\t\t\t\t\t\t\t<h2 class=\"text-text-100 mt-3 -mb-1 text-[1.125rem] font-bold\">Pol\u00edtica de Cookies<\/h2><p class=\"font-claude-response-body break-words whitespace-normal leading-[1.7]\">L&#039;acc\u00e9s a aquest lloc web pot implicar la utilitzaci\u00f3 de galetes. Les galetes s\u00f3n petites quantitats d&#039;informaci\u00f3 que s&#039;emmagatzemen al navegador utilitzat per cada usuari (en els diferents dispositius que pugui utilitzar per navegar) perqu\u00e8 el servidor recordi certa informaci\u00f3 que posteriorment i \u00fanicament el servidor que la va implementar llegir\u00e0. Les galetes faciliten la navegaci\u00f3, la fan m\u00e9s amigable i no fan malb\u00e9 el dispositiu de navegaci\u00f3.<\/p><h3 class=\"text-text-100 mt-2 -mb-1 text-base font-bold\">Qu\u00e8 s\u00f3n les galetes?<\/h3><p class=\"font-claude-response-body break-words whitespace-normal leading-[1.7]\">Les cookies s\u00f3n procediments autom\u00e0tics de recollida dinformaci\u00f3 relativa a les prefer\u00e8ncies determinades per lusuari durant la seva visita al lloc web per tal de recon\u00e8ixer-lo com a usuari i personalitzar la seva experi\u00e8ncia i l\u00fas del lloc web. Tamb\u00e9 poden ajudar a identificar i resoldre errors.<\/p><p class=\"font-claude-response-body break-words whitespace-normal leading-[1.7]\">La informaci\u00f3 recollida a trav\u00e9s de les galetes pot incloure la data i hora de visites al lloc web, les p\u00e0gines visionades, el temps que ha estat al lloc web i els llocs visitats just abans i despr\u00e9s.<\/p><h3 class=\"text-text-100 mt-2 -mb-1 text-base font-bold\">Informaci\u00f3 que no recopilen les galetes<\/h3><p class=\"font-claude-response-body break-words whitespace-normal leading-[1.7]\">Cap galeta no permet contactar amb el n\u00famero de tel\u00e8fon de l&#039;usuari o amb qualsevol altre mitj\u00e0 de contacte personal. Cap galeta no pot extreure informaci\u00f3 del disc dur de l&#039;usuari o robar informaci\u00f3 personal. L&#039;\u00fanica manera que la informaci\u00f3 privada de l&#039;usuari formi part del fitxer galeta \u00e9s que l&#039;usuari doni personalment aquesta informaci\u00f3 al servidor.<\/p><h3 class=\"text-text-100 mt-2 -mb-1 text-base font-bold\">Galetes i dades personals<\/h3><p class=\"font-claude-response-body break-words whitespace-normal leading-[1.7]\">Les galetes que permeten identificar una persona es consideren dades personals. Per tant, s&#039;hi aplicar\u00e0 la pol\u00edtica de privadesa descrita anteriorment. En aquest sentit, per a la utilitzaci\u00f3 de les mateixes ser\u00e0 necessari el <strong>consentiment de l&#039;usuari<\/strong>. Aquest consentiment ser\u00e0 comunicat, en base a una elecci\u00f3 aut\u00e8ntica, ofert mitjan\u00e7ant una decisi\u00f3 afirmativa i positiva, abans del tractament inicial, removible i documentat.<\/p><h3 class=\"text-text-100 mt-2 -mb-1 text-base font-bold\">Tipus de cookies que utilitzem<\/h3><h4 class=\"text-text-100 mt-2 -mb-1 text-base font-bold\">Cookies pr\u00f2pies<\/h4><p class=\"font-claude-response-body break-words whitespace-normal leading-[1.7]\">S\u00f3n aquelles galetes que s\u00f3n enviades a l&#039;ordinador o dispositiu de l&#039;usuari i gestionades exclusivament per Sergogrup per al millor funcionament del lloc web. La informaci\u00f3 que es recull s&#039;empra per millorar la qualitat del lloc web i el contingut i l&#039;experi\u00e8ncia com a usuari. Aquestes cookies permeten recon\u00e8ixer l&#039;usuari com a visitant recurrent del lloc web i adaptar el contingut per oferir continguts que s&#039;ajustin a les seves prefer\u00e8ncies.<\/p><h4 class=\"text-text-100 mt-2 -mb-1 text-base font-bold\">Galetes de tercers<\/h4><p class=\"font-claude-response-body break-words whitespace-normal leading-[1.7]\">S\u00f3n galetes utilitzades i gestionades per entitats externes que proporcionen a Sergogrup serveis sol\u00b7licitats per millorar el lloc web i l&#039;experi\u00e8ncia de l&#039;usuari en navegar. Els objectius principals per als quals s&#039;utilitzen galetes de tercers s\u00f3n l&#039;obtenci\u00f3 d&#039;estad\u00edstiques d&#039;accessos i analitzar la informaci\u00f3 de la navegaci\u00f3, \u00e9s a dir, com interactua l&#039;usuari amb el lloc web.<\/p><p class=\"font-claude-response-body break-words whitespace-normal leading-[1.7]\">La informaci\u00f3 que s&#039;obt\u00e9 es refereix, per exemple, a:<\/p><ul class=\"[li_&amp;]:mb-0 [li_&amp;]:mt-1.5 [li_&amp;]:gap-1.5 [&amp;:not(:last-child)_ul]:pb-1 [&amp;:not(:last-child)_ol]:pb-1 list-disc flex flex-col gap-2 pl-8 mb-3\"><li class=\"whitespace-normal break-words pl-2\">Nombre de p\u00e0gines visitades<\/li><li class=\"whitespace-normal break-words pl-2\">Idioma de navegaci\u00f3<\/li><li class=\"whitespace-normal break-words pl-2\">Adre\u00e7a IP des de la qual accedeix l&#039;usuari<\/li><li class=\"whitespace-normal break-words pl-2\">Nombre d&#039;usuaris que hi accedeixen<\/li><li class=\"whitespace-normal break-words pl-2\">Freq\u00fc\u00e8ncia i reincid\u00e8ncia de les visites<\/li><li class=\"whitespace-normal break-words pl-2\">Temps de visita<\/li><li class=\"whitespace-normal break-words pl-2\">Navegador utilitzat<\/li><li class=\"whitespace-normal break-words pl-2\">Operador o tipus de dispositiu des del qual es fa la visita<\/li><\/ul><p class=\"font-claude-response-body break-words whitespace-normal leading-[1.7]\">Aquesta informaci\u00f3 es fa servir per millorar el lloc web i detectar noves necessitats per oferir als usuaris un contingut i\/o servei d&#039;\u00f2ptima qualitat. En tot cas, la informaci\u00f3 es recopila de manera an\u00f2nima i s&#039;elaboren informes de tend\u00e8ncies del lloc web sense identificar usuaris individuals.<\/p><h3 class=\"text-text-100 mt-2 -mb-1 text-base font-bold\">Cessi\u00f3 d&#039;informaci\u00f3 a tercers<\/h3><p class=\"font-claude-response-body break-words whitespace-normal leading-[1.7]\">Les entitats encarregades del subministrament de galetes podran cedir aquesta informaci\u00f3 a tercers, sempre que ho exigeixi la llei o sigui un tercer el que processi aquesta informaci\u00f3 per a aquestes entitats.<\/p><h3 class=\"text-text-100 mt-2 -mb-1 text-base font-bold\">Com deshabilitar, rebutjar i eliminar cookies<\/h3><p class=\"font-claude-response-body break-words whitespace-normal leading-[1.7]\">L&#039;usuari pot deshabilitar, rebutjar i eliminar les cookies (totalment o parcialment) instal\u00b7lades al dispositiu mitjan\u00e7ant la configuraci\u00f3 del navegador (entre els quals es troben, per exemple, Chrome, Firefox, Safari, Explorer).<\/p><p class=\"font-claude-response-body break-words whitespace-normal leading-[1.7]\">Els procediments per rebutjar i eliminar les galetes poden diferir d&#039;un navegador d&#039;Internet a un altre. En conseq\u00fc\u00e8ncia, l&#039;usuari ha d&#039;acudir a les instruccions facilitades pel navegador d&#039;Internet que utilitzi.<\/p><p class=\"font-claude-response-body break-words whitespace-normal leading-[1.7]\"><strong>Important:<\/strong> En cas que rebutgi l&#039;\u00fas de cookies (totalment o parcialment) podr\u00e0 seguir usant el lloc web, si b\u00e9 podr\u00e0 tenir limitada la utilitzaci\u00f3 d&#039;algunes de les prestacions del mateix.<\/p><h3 class=\"text-text-100 mt-2 -mb-1 text-base font-bold\">Configuraci\u00f3 de cookies a navegadors principals<\/h3><p class=\"font-claude-response-body break-words whitespace-normal leading-[1.7]\">Per gestionar les cookies als navegadors m\u00e9s utilitzats, podeu accedir a les seg\u00fcents guies:<\/p><ul class=\"[li_&amp;]:mb-0 [li_&amp;]:mt-1.5 [li_&amp;]:gap-1.5 [&amp;:not(:last-child)_ul]:pb-1 [&amp;:not(:last-child)_ol]:pb-1 list-disc flex flex-col gap-2 pl-8 mb-3\"><li class=\"whitespace-normal break-words pl-2\"><strong>Google Chrome:<\/strong> Configuraci\u00f3 &gt; Privadesa i seguretat &gt; Cookies i altres dades de llocs<\/li><li class=\"whitespace-normal break-words pl-2\"><strong>Mozilla Firefox:<\/strong> Opcions &gt; Privadesa i seguretat &gt; Cookies i dades del lloc<\/li><li class=\"whitespace-normal break-words pl-2\"><strong>Safari:<\/strong> Prefer\u00e8ncies &gt; Privadesa &gt; Cookies i dades de llocs web<\/li><li class=\"whitespace-normal break-words pl-2\"><strong>Microsoft Edge:<\/strong> Configuraci\u00f3 &gt; Galetes i permisos del lloc<\/li><\/ul><p class=\"font-claude-response-body break-words whitespace-normal leading-[1.7]\"><strong>\u00daltima actualitzaci\u00f3:<\/strong> 20 de desembre de 2025<\/p>\t\t\t\t\t\t\t\t<\/div>\n\t\t\t\t<\/div>\n\t\t\t\t\t<\/div>\n\t\t\t\t<\/div>\n\t\t\t\t<\/div>","protected":false},"excerpt":{"rendered":"<p>Pol\u00edtica de cookies Inici Pol\u00edtica de Cookies L&#039;acc\u00e9s a aquest lloc web pot implicar la utilitzaci\u00f3 de cookies. Les galetes s\u00f3n petites quantitats d&#039;informaci\u00f3 que s&#039;emmagatzemen al navegador utilitzat per cada usuari (en els diferents dispositius que pugui utilitzar per navegar) perqu\u00e8 el servidor recordi certa informaci\u00f3 que posteriorment i [\u2026]<\/p>","protected":false},"author":1,"featured_media":0,"parent":0,"menu_order":0,"comment_status":"closed","ping_status":"closed","template":"","meta":{"_angie_page":false,"footnotes":""},"class_list":["post-315","page","type-page","status-publish","hentry"],"_links":{"self":[{"href":"https:\/\/sergogrup.com\/ca\/wp-json\/wp\/v2\/pages\/315","targetHints":{"allow":["GET"]}}],"collection":[{"href":"https:\/\/sergogrup.com\/ca\/wp-json\/wp\/v2\/pages"}],"about":[{"href":"https:\/\/sergogrup.com\/ca\/wp-json\/wp\/v2\/types\/page"}],"author":[{"embeddable":true,"href":"https:\/\/sergogrup.com\/ca\/wp-json\/wp\/v2\/users\/1"}],"replies":[{"embeddable":true,"href":"https:\/\/sergogrup.com\/ca\/wp-json\/wp\/v2\/comments?post=315"}],"version-history":[{"count":4,"href":"https:\/\/sergogrup.com\/ca\/wp-json\/wp\/v2\/pages\/315\/revisions"}],"predecessor-version":[{"id":319,"href":"https:\/\/sergogrup.com\/ca\/wp-json\/wp\/v2\/pages\/315\/revisions\/319"}],"wp:attachment":[{"href":"https:\/\/sergogrup.com\/ca\/wp-json\/wp\/v2\/media?parent=315"}],"curies":[{"name":"wp","href":"https:\/\/api.w.org\/{rel}","templated":true}]}}