{"id":443,"date":"2026-04-15T06:35:24","date_gmt":"2026-04-15T06:35:24","guid":{"rendered":"https:\/\/sergogrup.com\/?page_id=443"},"modified":"2026-04-15T06:45:12","modified_gmt":"2026-04-15T06:45:12","slug":"blog","status":"publish","type":"page","link":"https:\/\/sergogrup.com\/ca\/blog\/","title":{"rendered":"Blog"},"content":{"rendered":"<div data-elementor-type=\"wp-page\" data-elementor-id=\"443\" class=\"elementor elementor-443\" data-elementor-post-type=\"page\">\n\t\t\t\t<div class=\"elementor-element elementor-element-184a052 e-flex e-con-boxed e-con e-parent\" data-id=\"184a052\" data-element_type=\"container\" data-e-type=\"container\" data-settings=\"{&quot;background_background&quot;:&quot;classic&quot;}\">\n\t\t\t\t\t<div class=\"e-con-inner\">\n\t\t<div class=\"elementor-element elementor-element-4d45ba76 e-flex e-con-boxed e-con e-child\" data-id=\"4d45ba76\" data-element_type=\"container\" data-e-type=\"container\">\n\t\t\t\t\t<div class=\"e-con-inner\">\n\t\t\t\t<div class=\"elementor-element elementor-element-6893af59 elementor-widget elementor-widget-heading\" data-id=\"6893af59\" data-element_type=\"widget\" data-e-type=\"widget\" data-widget_type=\"heading.default\">\n\t\t\t\t\t<h1 class=\"elementor-heading-title elementor-size-default\">Blogs<\/h1>\t\t\t\t<\/div>\n\t\t\t\t<div class=\"elementor-element elementor-element-619094f elementor-widget elementor-widget-text-editor\" data-id=\"619094f\" data-element_type=\"widget\" data-e-type=\"widget\" data-widget_type=\"text-editor.default\">\n\t\t\t\t\t\t\t\t\t<p><a href=\"#\">Homepage<\/a> &gt; Blogs<\/p>\t\t\t\t\t\t\t\t<\/div>\n\t\t\t\t\t<\/div>\n\t\t\t\t<\/div>\n\t\t\t\t\t<\/div>\n\t\t\t\t<\/div>\n\t\t<div class=\"elementor-element elementor-element-6af06dee e-flex e-con-boxed e-con e-parent\" data-id=\"6af06dee\" data-element_type=\"container\" data-e-type=\"container\">\n\t\t\t\t\t<div class=\"e-con-inner\">\n\t\t\t\t<div class=\"elementor-element elementor-element-e7f0d04 elementor-grid-3 elementor-grid-tablet-2 elementor-grid-mobile-1 elementor-posts--thumbnail-top elementor-card-shadow-yes elementor-posts__hover-gradient elementor-widget elementor-widget-posts\" data-id=\"e7f0d04\" data-element_type=\"widget\" data-e-type=\"widget\" data-settings=\"{&quot;cards_columns&quot;:&quot;3&quot;,&quot;cards_columns_tablet&quot;:&quot;2&quot;,&quot;cards_columns_mobile&quot;:&quot;1&quot;,&quot;cards_row_gap&quot;:{&quot;unit&quot;:&quot;px&quot;,&quot;size&quot;:35,&quot;sizes&quot;:[]},&quot;cards_row_gap_tablet&quot;:{&quot;unit&quot;:&quot;px&quot;,&quot;size&quot;:&quot;&quot;,&quot;sizes&quot;:[]},&quot;cards_row_gap_mobile&quot;:{&quot;unit&quot;:&quot;px&quot;,&quot;size&quot;:&quot;&quot;,&quot;sizes&quot;:[]}}\" data-widget_type=\"posts.cards\">\n\t\t\t\t<div class=\"elementor-widget-container\">\n\t\t\t\t\t\t\t<div class=\"elementor-posts-container elementor-posts elementor-posts--skin-cards elementor-grid\" role=\"list\">\n\t\t\t\t<article class=\"elementor-post elementor-grid-item post-435 post type-post status-publish format-standard has-post-thumbnail hentry category-construccion tag-construccion tag-edificacion tag-hormigon\" role=\"listitem\">\n\t\t\t<div class=\"elementor-post__card\">\n\t\t\t\t<a class=\"elementor-post__thumbnail__link\" href=\"https:\/\/sergogrup.com\/ca\/mantenimiento-industrial-en-igualada\/\" tabindex=\"-1\"><div class=\"elementor-post__thumbnail\"><img fetchpriority=\"high\" decoding=\"async\" width=\"1024\" height=\"683\" src=\"https:\/\/sergogrup.com\/wp-content\/uploads\/2025\/11\/maquinaria-obra.jpg\" class=\"attachment-full size-full wp-image-146\" alt=\"\" srcset=\"https:\/\/sergogrup.com\/wp-content\/uploads\/2025\/11\/maquinaria-obra.jpg 1024w, https:\/\/sergogrup.com\/wp-content\/uploads\/2025\/11\/maquinaria-obra-300x200.jpg 300w, https:\/\/sergogrup.com\/wp-content\/uploads\/2025\/11\/maquinaria-obra-768x512.jpg 768w\" sizes=\"(max-width: 1024px) 100vw, 1024px\" \/><\/div><\/a>\n\t\t\t\t<div class=\"elementor-post__text\">\n\t\t\t\t<h3 class=\"elementor-post__title\">\n\t\t\t<a href=\"https:\/\/sergogrup.com\/ca\/mantenimiento-industrial-en-igualada\/\">\n\t\t\t\tManteniment Industrial a Igualada: El teu Servei Tecnic a l&#039;Anoia\t\t\t<\/a>\n\t\t<\/h3>\n\t\t\t\t<div class=\"elementor-post__excerpt\">\n\t\t\t<p>Si buscas mantenimiento industrial en Igualada, Sergogrup ofrece un servicio t\u00e9cnico integral para naves, almacenes, plantas de producci\u00f3n y edificaciones industriales de toda la comarca<\/p>\n\t\t<\/div>\n\t\t\n\t\t<a class=\"elementor-post__read-more\" href=\"https:\/\/sergogrup.com\/ca\/mantenimiento-industrial-en-igualada\/\" aria-label=\"Read more about Mantenimiento Industrial en Igualada: Tu Servicio Tecnico en l Anoia\" tabindex=\"-1\">\n\t\t\tLeer mas \u00bb\t\t<\/a>\n\n\t\t\t\t<\/div>\n\t\t\t\t\t<\/div>\n\t\t<\/article>\n\t\t\t\t<article class=\"elementor-post elementor-grid-item post-433 post type-post status-publish format-standard has-post-thumbnail hentry category-construccion tag-barcelona tag-construccion tag-edificacion tag-hormigon\" role=\"listitem\">\n\t\t\t<div class=\"elementor-post__card\">\n\t\t\t\t<a class=\"elementor-post__thumbnail__link\" href=\"https:\/\/sergogrup.com\/ca\/mantenimiento-industrial-en-barcelona\/\" tabindex=\"-1\"><div class=\"elementor-post__thumbnail\"><img decoding=\"async\" width=\"1024\" height=\"683\" src=\"https:\/\/sergogrup.com\/wp-content\/uploads\/2025\/11\/maquinaria-obra2.jpg\" class=\"attachment-full size-full wp-image-147\" alt=\"\" srcset=\"https:\/\/sergogrup.com\/wp-content\/uploads\/2025\/11\/maquinaria-obra2.jpg 1024w, https:\/\/sergogrup.com\/wp-content\/uploads\/2025\/11\/maquinaria-obra2-300x200.jpg 300w, https:\/\/sergogrup.com\/wp-content\/uploads\/2025\/11\/maquinaria-obra2-768x512.jpg 768w\" sizes=\"(max-width: 1024px) 100vw, 1024px\" \/><\/div><\/a>\n\t\t\t\t<div class=\"elementor-post__text\">\n\t\t\t\t<h3 class=\"elementor-post__title\">\n\t\t\t<a href=\"https:\/\/sergogrup.com\/ca\/mantenimiento-industrial-en-barcelona\/\">\n\t\t\t\tManteniment Industrial a Barcelona: Servei Professional i R\u00e0pid\t\t\t<\/a>\n\t\t<\/h3>\n\t\t\t\t<div class=\"elementor-post__excerpt\">\n\t\t\t<p>Si necesitas una empresa de mantenimiento industrial en Barcelona, Sergogrup ofrece soluciones integrales para instalaciones industriales, log\u00edsticas y productivas. Combinamos experiencia t\u00e9cnica, respuesta r\u00e1pida y<\/p>\n\t\t<\/div>\n\t\t\n\t\t<a class=\"elementor-post__read-more\" href=\"https:\/\/sergogrup.com\/ca\/mantenimiento-industrial-en-barcelona\/\" aria-label=\"Read more about Mantenimiento Industrial en Barcelona: Servicio Profesional y Rapido\" tabindex=\"-1\">\n\t\t\tLeer mas \u00bb\t\t<\/a>\n\n\t\t\t\t<\/div>\n\t\t\t\t\t<\/div>\n\t\t<\/article>\n\t\t\t\t<article class=\"elementor-post elementor-grid-item post-431 post type-post status-publish format-standard has-post-thumbnail hentry category-construccion tag-construccion tag-edificacion tag-hormigon tag-obra-civil\" role=\"listitem\">\n\t\t\t<div class=\"elementor-post__card\">\n\t\t\t\t<a class=\"elementor-post__thumbnail__link\" href=\"https:\/\/sergogrup.com\/ca\/edificacion-y-obra-civil-en-igualada\/\" tabindex=\"-1\"><div class=\"elementor-post__thumbnail\"><img decoding=\"async\" width=\"1632\" height=\"1088\" src=\"https:\/\/sergogrup.com\/wp-content\/uploads\/2025\/11\/new-home-construction-framing-of-a-house-2023-11-27-05-33-01-utc.jpg\" class=\"attachment-full size-full wp-image-101\" alt=\"Proyectos de ingenieria en Igualada - Sergogrup\" srcset=\"https:\/\/sergogrup.com\/wp-content\/uploads\/2025\/11\/new-home-construction-framing-of-a-house-2023-11-27-05-33-01-utc.jpg 1632w, https:\/\/sergogrup.com\/wp-content\/uploads\/2025\/11\/new-home-construction-framing-of-a-house-2023-11-27-05-33-01-utc-300x200.jpg 300w, https:\/\/sergogrup.com\/wp-content\/uploads\/2025\/11\/new-home-construction-framing-of-a-house-2023-11-27-05-33-01-utc-1024x683.jpg 1024w, https:\/\/sergogrup.com\/wp-content\/uploads\/2025\/11\/new-home-construction-framing-of-a-house-2023-11-27-05-33-01-utc-768x512.jpg 768w, https:\/\/sergogrup.com\/wp-content\/uploads\/2025\/11\/new-home-construction-framing-of-a-house-2023-11-27-05-33-01-utc-1536x1024.jpg 1536w\" sizes=\"(max-width: 1632px) 100vw, 1632px\" \/><\/div><\/a>\n\t\t\t\t<div class=\"elementor-post__text\">\n\t\t\t\t<h3 class=\"elementor-post__title\">\n\t\t\t<a href=\"https:\/\/sergogrup.com\/ca\/edificacion-y-obra-civil-en-igualada\/\">\n\t\t\t\tEdificacion I Obra Civil a Igualada: Constru\u00efm el teu Projecte a l&#039;Anoia\t\t\t<\/a>\n\t\t<\/h3>\n\t\t\t\t<div class=\"elementor-post__excerpt\">\n\t\t\t<p>Si buscas una empresa especializada en edificaci\u00f3n y obra civil en Igualada, Sergogrup es tu partner constructivo de confianza en la comarca de l&#8217;Anoia. Ofrecemos<\/p>\n\t\t<\/div>\n\t\t\n\t\t<a class=\"elementor-post__read-more\" href=\"https:\/\/sergogrup.com\/ca\/edificacion-y-obra-civil-en-igualada\/\" aria-label=\"Read more about Edificacion Y Obra Civil en Igualada: Construimos tu Proyecto en l Anoia\" tabindex=\"-1\">\n\t\t\tLeer mas \u00bb\t\t<\/a>\n\n\t\t\t\t<\/div>\n\t\t\t\t\t<\/div>\n\t\t<\/article>\n\t\t\t\t<article class=\"elementor-post elementor-grid-item post-429 post type-post status-publish format-standard has-post-thumbnail hentry category-construccion tag-barcelona tag-construccion tag-edificacion tag-hormigon tag-obra-civil\" role=\"listitem\">\n\t\t\t<div class=\"elementor-post__card\">\n\t\t\t\t<a class=\"elementor-post__thumbnail__link\" href=\"https:\/\/sergogrup.com\/ca\/edificacion-y-obra-civil-en-barcelona\/\" tabindex=\"-1\"><div class=\"elementor-post__thumbnail\"><img loading=\"lazy\" decoding=\"async\" width=\"576\" height=\"1024\" src=\"https:\/\/sergogrup.com\/wp-content\/uploads\/2025\/11\/imagen-18.jpg\" class=\"attachment-full size-full wp-image-145\" alt=\"Edificacion y obra civil en Barcelona - Sergogrup\" srcset=\"https:\/\/sergogrup.com\/wp-content\/uploads\/2025\/11\/imagen-18.jpg 576w, https:\/\/sergogrup.com\/wp-content\/uploads\/2025\/11\/imagen-18-169x300.jpg 169w\" sizes=\"(max-width: 576px) 100vw, 576px\" \/><\/div><\/a>\n\t\t\t\t<div class=\"elementor-post__text\">\n\t\t\t\t<h3 class=\"elementor-post__title\">\n\t\t\t<a href=\"https:\/\/sergogrup.com\/ca\/edificacion-y-obra-civil-en-barcelona\/\">\n\t\t\t\tEdificacion I Obra Civil a Barcelona: Construccion Professional Integral\t\t\t<\/a>\n\t\t<\/h3>\n\t\t\t\t<div class=\"elementor-post__excerpt\">\n\t\t\t<p>Si necesitas una empresa de edificaci\u00f3n y obra civil en Barcelona, Sergogrup ofrece soluciones constructivas completas para proyectos residenciales, industriales y de infraestructuras. Combinamos experiencia<\/p>\n\t\t<\/div>\n\t\t\n\t\t<a class=\"elementor-post__read-more\" href=\"https:\/\/sergogrup.com\/ca\/edificacion-y-obra-civil-en-barcelona\/\" aria-label=\"Read more about Edificacion Y Obra Civil en Barcelona: Construccion Profesional Integral\" tabindex=\"-1\">\n\t\t\tLeer mas \u00bb\t\t<\/a>\n\n\t\t\t\t<\/div>\n\t\t\t\t\t<\/div>\n\t\t<\/article>\n\t\t\t\t<article class=\"elementor-post elementor-grid-item post-427 post type-post status-publish format-standard has-post-thumbnail hentry category-construccion tag-construccion tag-edificacion tag-obra-civil\" role=\"listitem\">\n\t\t\t<div class=\"elementor-post__card\">\n\t\t\t\t<a class=\"elementor-post__thumbnail__link\" href=\"https:\/\/sergogrup.com\/ca\/proyectos-de-ingenieria-en-igualada\/\" tabindex=\"-1\"><div class=\"elementor-post__thumbnail\"><img decoding=\"async\" width=\"1632\" height=\"1088\" src=\"https:\/\/sergogrup.com\/wp-content\/uploads\/2025\/11\/new-home-construction-framing-of-a-house-2023-11-27-05-33-01-utc.jpg\" class=\"attachment-full size-full wp-image-101\" alt=\"Proyectos de ingenieria en Igualada - Sergogrup\" srcset=\"https:\/\/sergogrup.com\/wp-content\/uploads\/2025\/11\/new-home-construction-framing-of-a-house-2023-11-27-05-33-01-utc.jpg 1632w, https:\/\/sergogrup.com\/wp-content\/uploads\/2025\/11\/new-home-construction-framing-of-a-house-2023-11-27-05-33-01-utc-300x200.jpg 300w, https:\/\/sergogrup.com\/wp-content\/uploads\/2025\/11\/new-home-construction-framing-of-a-house-2023-11-27-05-33-01-utc-1024x683.jpg 1024w, https:\/\/sergogrup.com\/wp-content\/uploads\/2025\/11\/new-home-construction-framing-of-a-house-2023-11-27-05-33-01-utc-768x512.jpg 768w, https:\/\/sergogrup.com\/wp-content\/uploads\/2025\/11\/new-home-construction-framing-of-a-house-2023-11-27-05-33-01-utc-1536x1024.jpg 1536w\" sizes=\"(max-width: 1632px) 100vw, 1632px\" \/><\/div><\/a>\n\t\t\t\t<div class=\"elementor-post__text\">\n\t\t\t\t<h3 class=\"elementor-post__title\">\n\t\t\t<a href=\"https:\/\/sergogrup.com\/ca\/proyectos-de-ingenieria-en-igualada\/\">\n\t\t\t\tProjectes d&#039;Enginyeria a Igualada: El teu equip t\u00e8cnic de confian\u00e7a\t\t\t<\/a>\n\t\t<\/h3>\n\t\t\t\t<div class=\"elementor-post__excerpt\">\n\t\t\t<p>Si necesitas desarrollar proyectos de ingenier\u00eda en Igualada, Sergogrup pone a tu disposici\u00f3n un equipo t\u00e9cnico multidisciplinar con amplia experiencia en la comarca de l&#8217;Anoia.<\/p>\n\t\t<\/div>\n\t\t\n\t\t<a class=\"elementor-post__read-more\" href=\"https:\/\/sergogrup.com\/ca\/proyectos-de-ingenieria-en-igualada\/\" aria-label=\"Read more about Proyectos de Ingenieria en Igualada: Tu Equipo Tecnico de Confianza\" tabindex=\"-1\">\n\t\t\tLeer mas \u00bb\t\t<\/a>\n\n\t\t\t\t<\/div>\n\t\t\t\t\t<\/div>\n\t\t<\/article>\n\t\t\t\t<article class=\"elementor-post elementor-grid-item post-425 post type-post status-publish format-standard has-post-thumbnail hentry category-construccion tag-barcelona tag-construccion tag-edificacion tag-obra-civil\" role=\"listitem\">\n\t\t\t<div class=\"elementor-post__card\">\n\t\t\t\t<a class=\"elementor-post__thumbnail__link\" href=\"https:\/\/sergogrup.com\/ca\/proyectos-de-ingenieria-en-barcelona\/\" tabindex=\"-1\"><div class=\"elementor-post__thumbnail\"><img loading=\"lazy\" decoding=\"async\" width=\"1536\" height=\"1024\" src=\"https:\/\/sergogrup.com\/wp-content\/uploads\/2025\/11\/building-site-2023-11-27-05-18-30-utc.jpg\" class=\"attachment-full size-full wp-image-99\" alt=\"Proyectos de ingenieria en Barcelona - Sergogrup\" srcset=\"https:\/\/sergogrup.com\/wp-content\/uploads\/2025\/11\/building-site-2023-11-27-05-18-30-utc.jpg 1536w, https:\/\/sergogrup.com\/wp-content\/uploads\/2025\/11\/building-site-2023-11-27-05-18-30-utc-300x200.jpg 300w, https:\/\/sergogrup.com\/wp-content\/uploads\/2025\/11\/building-site-2023-11-27-05-18-30-utc-1024x683.jpg 1024w, https:\/\/sergogrup.com\/wp-content\/uploads\/2025\/11\/building-site-2023-11-27-05-18-30-utc-768x512.jpg 768w\" sizes=\"(max-width: 1536px) 100vw, 1536px\" \/><\/div><\/a>\n\t\t\t\t<div class=\"elementor-post__text\">\n\t\t\t\t<h3 class=\"elementor-post__title\">\n\t\t\t<a href=\"https:\/\/sergogrup.com\/ca\/proyectos-de-ingenieria-en-barcelona\/\">\n\t\t\t\tProjectes d&#039;Enginyeria a Barcelona: Serveis Tecnics per a la teva Obra\t\t\t<\/a>\n\t\t<\/h3>\n\t\t\t\t<div class=\"elementor-post__excerpt\">\n\t\t\t<p>Si buscas una empresa especializada en proyectos de ingenier\u00eda en Barcelona, Sergogrup ofrece soluciones t\u00e9cnicas integrales para todo tipo de construcciones. Desde la gestin de<\/p>\n\t\t<\/div>\n\t\t\n\t\t<a class=\"elementor-post__read-more\" href=\"https:\/\/sergogrup.com\/ca\/proyectos-de-ingenieria-en-barcelona\/\" aria-label=\"Read more about Proyectos de Ingenieria en Barcelona: Servicios Tecnicos para tu Obra\" tabindex=\"-1\">\n\t\t\tLeer mas \u00bb\t\t<\/a>\n\n\t\t\t\t<\/div>\n\t\t\t\t\t<\/div>\n\t\t<\/article>\n\t\t\t\t<\/div>\n\t\t\n\t\t\t\t\t\t<\/div>\n\t\t\t\t<\/div>\n\t\t\t\t\t<\/div>\n\t\t\t\t<\/div>\n\t\t\t\t<\/div>","protected":false},"excerpt":{"rendered":"<p>Blogs Homepage &gt; Blogs<\/p>","protected":false},"author":1,"featured_media":0,"parent":0,"menu_order":0,"comment_status":"closed","ping_status":"closed","template":"","meta":{"_angie_page":false,"footnotes":""},"class_list":["post-443","page","type-page","status-publish","hentry"],"_links":{"self":[{"href":"https:\/\/sergogrup.com\/ca\/wp-json\/wp\/v2\/pages\/443","targetHints":{"allow":["GET"]}}],"collection":[{"href":"https:\/\/sergogrup.com\/ca\/wp-json\/wp\/v2\/pages"}],"about":[{"href":"https:\/\/sergogrup.com\/ca\/wp-json\/wp\/v2\/types\/page"}],"author":[{"embeddable":true,"href":"https:\/\/sergogrup.com\/ca\/wp-json\/wp\/v2\/users\/1"}],"replies":[{"embeddable":true,"href":"https:\/\/sergogrup.com\/ca\/wp-json\/wp\/v2\/comments?post=443"}],"version-history":[{"count":7,"href":"https:\/\/sergogrup.com\/ca\/wp-json\/wp\/v2\/pages\/443\/revisions"}],"predecessor-version":[{"id":458,"href":"https:\/\/sergogrup.com\/ca\/wp-json\/wp\/v2\/pages\/443\/revisions\/458"}],"wp:attachment":[{"href":"https:\/\/sergogrup.com\/ca\/wp-json\/wp\/v2\/media?parent=443"}],"curies":[{"name":"wp","href":"https:\/\/api.w.org\/{rel}","templated":true}]}}